{"id":12,"date":"2026-02-11T17:34:06","date_gmt":"2026-02-11T17:34:06","guid":{"rendered":"https:\/\/resiligrow.com\/?page_id=12"},"modified":"2026-02-25T16:48:15","modified_gmt":"2026-02-25T16:48:15","slug":"who-we-are","status":"publish","type":"page","link":"https:\/\/resiligrow.com\/es\/who-we-are\/","title":{"rendered":"Qui\u00e9nes somos"},"content":{"rendered":"<section class=\"our_story_block custom_block alignwide spacing_both has_leader\">\n  \n  \n    <div class=\"container-fluid\">\n      <div class=\"row\">\n\n                  <div class=\"col-lg-6\">\n            <div class=\"intro_text entry_left\">\n              <h2>Nuestra historia<\/h2>\n<p>ResiliGrow se basa en la experiencia de los fundadores de InsectBiotech para ofrecer soluciones pr\u00e1cticas para la agricultura regenerativa.<\/p>\n<p>Inspirados por la naturaleza e informados por a\u00f1os de investigaci\u00f3n en Andaluc\u00eda, Espa\u00f1a, nos propusimos transformar los residuos agr\u00edcolas en insumos valiosos para fincas de todos los tama\u00f1os.<\/p>\n\n                                  <div class=\"buttons\">\n\n                    \n                        <a class=\"resili_button\" href=\"https:\/\/insectbiotech.eu\/about-us\/\" target=\"_blank\">\n                          <span class=\"label\">Lee m\u00e1s sobre nuestra historia<\/span>\n                          <span class=\"icon\"><i class=\"fa-light fa-arrow-right\"><\/i><\/span>\n                        <\/a>\n\n                    \n                  <\/div>\n                \n            <\/div>\n          <\/div>\n        \n        \n        <div class=\"col-lg-6\">\n          <div class=\"story_col entry_bottom\">\n            \n            <div class=\"story_box\">\n                              <div class=\"image_wrapper\">\n                  <img loading=\"lazy\" decoding=\"async\" width=\"1000\" height=\"562\" src=\"https:\/\/resiligrow.com\/wp-content\/uploads\/2026\/02\/story-image-1000x562.jpg\" class=\"story_image\" alt=\"\" srcset=\"https:\/\/resiligrow.com\/wp-content\/uploads\/2026\/02\/story-image-1000x562.jpg 1000w, https:\/\/resiligrow.com\/wp-content\/uploads\/2026\/02\/story-image-300x168.jpg 300w, https:\/\/resiligrow.com\/wp-content\/uploads\/2026\/02\/story-image-1024x575.jpg 1024w, https:\/\/resiligrow.com\/wp-content\/uploads\/2026\/02\/story-image-768x431.jpg 768w, https:\/\/resiligrow.com\/wp-content\/uploads\/2026\/02\/story-image-1536x862.jpg 1536w, https:\/\/resiligrow.com\/wp-content\/uploads\/2026\/02\/story-image-18x10.jpg 18w, https:\/\/resiligrow.com\/wp-content\/uploads\/2026\/02\/story-image-1600x898.jpg 1600w, https:\/\/resiligrow.com\/wp-content\/uploads\/2026\/02\/story-image.jpg 2000w\" sizes=\"auto, (max-width: 1000px) 100vw, 1000px\" \/>                <\/div>\n              \n                              <div class=\"text_wrapper\">\n                  <p>Creemos que el futuro de la agricultura depende de pr\u00e1cticas resilientes y regenerativas accesibles para cada productor. El viaje de ResiliGrow comenz\u00f3 con una visi\u00f3n: permitir a los agricultores enriquecer su suelo, fortalecer la salud de las plantas y aumentar el rendimiento, todo ello mientras se reduce la dependencia de insumos sint\u00e9ticos y se disminuye el impacto ambiental de los residuos.<\/p>\n                <\/div>\n                          <\/div>\n\n          <\/div>\n        <\/div>\n\n      <\/div>\n    <\/div>\n\n          \n<\/section>\n\n\n\n\n\n\n\n\n\n\n\n\n\n\n  \n\n\n\n\n\n<section class=\"image_boxes_block custom_block alignfull spacing_none has_leader\">\n  \n  \n    <div class=\"container\">\n      <div class=\"row intro_row\">\n\n                  <div class=\"col-lg-6\">\n            <div class=\"intro_text entry_left\">\n              <h2>Lo que hacemos<\/h2>\n<p>Nuestra misi\u00f3n es simple: acelerar el crecimiento resiliente en la agricultura utilizando nuestros productos Resiligrow.<\/p>\n            <\/div>\n          <\/div>\n        \n                  <div class=\"col-lg-6\">\n            <div class=\"second_col entry_right\">\n                              <p>Al convertir residuos agr\u00edcolas en soluciones efectivas, ayudamos a los agricultores a mejorar el ciclo de nutrientes, la retenci\u00f3n de agua, la actividad microbiana y la resiliencia de las plantas, sin precios premium ni barreras. Cada granja deber\u00eda poder beneficiarse de la salud avanzada del suelo y la producci\u00f3n respetuosa con el clima, sin importar su tama\u00f1o o presupuesto.<\/p>\n                          <\/div>\n          <\/div>\n        \n      <\/div>\n\n\n      \n        <div class=\"row gx-5 boxes_row entry_bottom\">\n\n          \n            <div class=\"col-lg-4\">\n              <div class=\"box_col\">\n\n                                  <div class=\"image_wrapper\">\n                    <img loading=\"lazy\" decoding=\"async\" width=\"1000\" height=\"563\" src=\"https:\/\/resiligrow.com\/wp-content\/uploads\/2026\/02\/whatwedo_box1-1000x563.jpg\" class=\"box_image\" alt=\"\" srcset=\"https:\/\/resiligrow.com\/wp-content\/uploads\/2026\/02\/whatwedo_box1-1000x563.jpg 1000w, https:\/\/resiligrow.com\/wp-content\/uploads\/2026\/02\/whatwedo_box1-300x169.jpg 300w, https:\/\/resiligrow.com\/wp-content\/uploads\/2026\/02\/whatwedo_box1-1024x576.jpg 1024w, https:\/\/resiligrow.com\/wp-content\/uploads\/2026\/02\/whatwedo_box1-768x432.jpg 768w, https:\/\/resiligrow.com\/wp-content\/uploads\/2026\/02\/whatwedo_box1-1536x864.jpg 1536w, https:\/\/resiligrow.com\/wp-content\/uploads\/2026\/02\/whatwedo_box1-18x10.jpg 18w, https:\/\/resiligrow.com\/wp-content\/uploads\/2026\/02\/whatwedo_box1-1600x900.jpg 1600w, https:\/\/resiligrow.com\/wp-content\/uploads\/2026\/02\/whatwedo_box1.jpg 2000w\" sizes=\"auto, (max-width: 1000px) 100vw, 1000px\" \/>                  <\/div>\n                \n                <div class=\"box_info\">\n                                      <div class=\"text_wrapper\">\n                      <h3>Accesible, asequible, impactante<\/h3>\n<p>No buscamos la exclusividad. El impacto genuino nos impulsa. Nuestras soluciones tienen precios accesibles, para que cada agricultor pueda adoptar pr\u00e1cticas regenerativas y proteger su tierra para el futuro.<\/p>\n                    <\/div>\n                  \n                                      <a class=\"resili_button\" href=\"https:\/\/resiligrow.com\/es\/discover-resiligrow\/\" target=\"\">\n                      <span class=\"label\">Descubrir m\u00e1s<\/span>\n                      <span class=\"icon\"><i class=\"fa-light fa-arrow-right\"><\/i><\/span>\n                    <\/a>\n                                  <\/div>\n\n              <\/div>\n            <\/div>\n\n          \n            <div class=\"col-lg-4\">\n              <div class=\"box_col\">\n\n                                  <div class=\"image_wrapper\">\n                    <img loading=\"lazy\" decoding=\"async\" width=\"1000\" height=\"668\" src=\"https:\/\/resiligrow.com\/wp-content\/uploads\/2026\/02\/whatwedo_box2-1000x668.jpg\" class=\"box_image\" alt=\"\" srcset=\"https:\/\/resiligrow.com\/wp-content\/uploads\/2026\/02\/whatwedo_box2-1000x668.jpg 1000w, https:\/\/resiligrow.com\/wp-content\/uploads\/2026\/02\/whatwedo_box2-300x200.jpg 300w, https:\/\/resiligrow.com\/wp-content\/uploads\/2026\/02\/whatwedo_box2-1024x684.jpg 1024w, https:\/\/resiligrow.com\/wp-content\/uploads\/2026\/02\/whatwedo_box2-768x513.jpg 768w, https:\/\/resiligrow.com\/wp-content\/uploads\/2026\/02\/whatwedo_box2-1536x1025.jpg 1536w, https:\/\/resiligrow.com\/wp-content\/uploads\/2026\/02\/whatwedo_box2-18x12.jpg 18w, https:\/\/resiligrow.com\/wp-content\/uploads\/2026\/02\/whatwedo_box2-1600x1068.jpg 1600w, https:\/\/resiligrow.com\/wp-content\/uploads\/2026\/02\/whatwedo_box2.jpg 2000w\" sizes=\"auto, (max-width: 1000px) 100vw, 1000px\" \/>                  <\/div>\n                \n                <div class=\"box_info\">\n                                      <div class=\"text_wrapper\">\n                      <h3>Nuestros productos<\/h3>\n<p>Los productos ResiliGrow son un activador de suelo rico en nutrientes, fertilizante y bioestimulante, producidos mediante el eficiente proceso natural de bioconversi\u00f3n de larvas de mosca soldado negra. Nuestro producto apoya a vi\u00f1edos, huertos y granjas en toda Europa, ayudando a los cultivos a prosperar en condiciones din\u00e1micas y promoviendo la agricultura sostenible a gran escala.<\/p>\n                    <\/div>\n                  \n                                      <a class=\"resili_button\" href=\"https:\/\/resiligrow.com\/es\/discover-resiligrow\/\" target=\"\">\n                      <span class=\"label\">Descubrir m\u00e1s<\/span>\n                      <span class=\"icon\"><i class=\"fa-light fa-arrow-right\"><\/i><\/span>\n                    <\/a>\n                                  <\/div>\n\n              <\/div>\n            <\/div>\n\n          \n            <div class=\"col-lg-4\">\n              <div class=\"box_col\">\n\n                                  <div class=\"image_wrapper\">\n                    <img loading=\"lazy\" decoding=\"async\" width=\"1000\" height=\"667\" src=\"https:\/\/resiligrow.com\/wp-content\/uploads\/2026\/02\/whatwedo_box3-1000x667.jpg\" class=\"box_image\" alt=\"\" srcset=\"https:\/\/resiligrow.com\/wp-content\/uploads\/2026\/02\/whatwedo_box3-1000x667.jpg 1000w, https:\/\/resiligrow.com\/wp-content\/uploads\/2026\/02\/whatwedo_box3-300x200.jpg 300w, https:\/\/resiligrow.com\/wp-content\/uploads\/2026\/02\/whatwedo_box3-1024x682.jpg 1024w, https:\/\/resiligrow.com\/wp-content\/uploads\/2026\/02\/whatwedo_box3-768x512.jpg 768w, https:\/\/resiligrow.com\/wp-content\/uploads\/2026\/02\/whatwedo_box3-1536x1024.jpg 1536w, https:\/\/resiligrow.com\/wp-content\/uploads\/2026\/02\/whatwedo_box3-18x12.jpg 18w, https:\/\/resiligrow.com\/wp-content\/uploads\/2026\/02\/whatwedo_box3-1600x1066.jpg 1600w, https:\/\/resiligrow.com\/wp-content\/uploads\/2026\/02\/whatwedo_box3.jpg 2000w\" sizes=\"auto, (max-width: 1000px) 100vw, 1000px\" \/>                  <\/div>\n                \n                <div class=\"box_info\">\n                                      <div class=\"text_wrapper\">\n                      <h3>Invol\u00facrate<\/h3>\n<p>ResiliGrow es un movimiento por la sostenibilidad pr\u00e1ctica. Ya sea que est\u00e9 interesado en pruebas de campo, asociaciones o en usar Resiligrow en su suelo, damos la bienvenida a la colaboraci\u00f3n. Nuestro equipo est\u00e1 unido en hacer de la agricultura resiliente una realidad para todos.<\/p>\n                    <\/div>\n                  \n                                      <a class=\"resili_button\" href=\"https:\/\/resiligrow.com\/es\/contact-us\/\" target=\"\">\n                      <span class=\"label\">P\u00f3ngase en contacto<\/span>\n                      <span class=\"icon\"><i class=\"fa-light fa-arrow-right\"><\/i><\/span>\n                    <\/a>\n                                  <\/div>\n\n              <\/div>\n            <\/div>\n\n          \n        <\/div>\n\n      \n    <\/div>\n          \n<\/section>","protected":false},"excerpt":{"rendered":"<p>Resiligrow es una empresa con sede en Espa\u00f1a centrada en ofrecer un crecimiento resiliente acelerado en la agricultura en Europa. Nuestra misi\u00f3n es transformar la salud del suelo y de las plantas, impulsando la resiliencia hacia la agricultura regenerativa. Fuimos fundados y somos propiedad del mismo equipo e inversores que est\u00e1n detr\u00e1s de InsectBiotech, nuestra empresa matriz.<\/p>","protected":false},"author":1,"featured_media":141,"parent":0,"menu_order":0,"comment_status":"closed","ping_status":"closed","template":"","meta":{"_acf_changed":false,"inline_featured_image":false,"footnotes":""},"class_list":["post-12","page","type-page","status-publish","has-post-thumbnail","hentry"],"acf":[],"yoast_head":"<!-- This site is optimized with the Yoast SEO plugin v27.2 - https:\/\/yoast.com\/product\/yoast-seo-wordpress\/ -->\n<title>Who we are - Resiligrow<\/title>\n<meta name=\"robots\" content=\"index, follow, max-snippet:-1, max-image-preview:large, max-video-preview:-1\" \/>\n<link rel=\"canonical\" href=\"https:\/\/resiligrow.com\/es\/who-we-are\/\" \/>\n<meta property=\"og:locale\" content=\"es_ES\" \/>\n<meta property=\"og:type\" content=\"article\" \/>\n<meta property=\"og:title\" content=\"Who we are - Resiligrow\" \/>\n<meta property=\"og:description\" content=\"Resiligrow is a Spain-based company focused delivering accelerate resilient growth in agriculture in Europe. Our mission is transform soil and plant health, driving resilience towards regenerative agriculture. We\u2019re founded and owned by the same team\u00a0and investors behind InsectBiotech, our parent company.\" \/>\n<meta property=\"og:url\" content=\"https:\/\/resiligrow.com\/es\/who-we-are\/\" \/>\n<meta property=\"og:site_name\" content=\"Resiligrow\" \/>\n<meta property=\"article:modified_time\" content=\"2026-02-25T16:48:15+00:00\" \/>\n<meta property=\"og:image\" content=\"https:\/\/resiligrow.com\/wp-content\/uploads\/2026\/02\/whoweare-banner.jpg\" \/>\n\t<meta property=\"og:image:width\" content=\"2000\" \/>\n\t<meta property=\"og:image:height\" content=\"813\" \/>\n\t<meta property=\"og:image:type\" content=\"image\/jpeg\" \/>\n<meta name=\"twitter:card\" content=\"summary_large_image\" \/>\n<meta name=\"twitter:label1\" content=\"Est. reading time\" \/>\n\t<meta name=\"twitter:data1\" content=\"1 minute\" \/>\n<script type=\"application\/ld+json\" class=\"yoast-schema-graph\">{\"@context\":\"https:\/\/schema.org\",\"@graph\":[{\"@type\":\"WebPage\",\"@id\":\"https:\/\/resiligrow.com\/who-we-are\/\",\"url\":\"https:\/\/resiligrow.com\/who-we-are\/\",\"name\":\"Who we are - Resiligrow\",\"isPartOf\":{\"@id\":\"https:\/\/resiligrow.com\/#website\"},\"primaryImageOfPage\":{\"@id\":\"https:\/\/resiligrow.com\/who-we-are\/#primaryimage\"},\"image\":{\"@id\":\"https:\/\/resiligrow.com\/who-we-are\/#primaryimage\"},\"thumbnailUrl\":\"https:\/\/resiligrow.com\/wp-content\/uploads\/2026\/02\/whoweare-banner.jpg\",\"datePublished\":\"2026-02-11T17:34:06+00:00\",\"dateModified\":\"2026-02-25T16:48:15+00:00\",\"breadcrumb\":{\"@id\":\"https:\/\/resiligrow.com\/who-we-are\/#breadcrumb\"},\"inLanguage\":\"es-ES\",\"potentialAction\":[{\"@type\":\"ReadAction\",\"target\":[\"https:\/\/resiligrow.com\/who-we-are\/\"]}]},{\"@type\":\"ImageObject\",\"inLanguage\":\"es-ES\",\"@id\":\"https:\/\/resiligrow.com\/who-we-are\/#primaryimage\",\"url\":\"https:\/\/resiligrow.com\/wp-content\/uploads\/2026\/02\/whoweare-banner.jpg\",\"contentUrl\":\"https:\/\/resiligrow.com\/wp-content\/uploads\/2026\/02\/whoweare-banner.jpg\",\"width\":2000,\"height\":813},{\"@type\":\"BreadcrumbList\",\"@id\":\"https:\/\/resiligrow.com\/who-we-are\/#breadcrumb\",\"itemListElement\":[{\"@type\":\"ListItem\",\"position\":1,\"name\":\"Home\",\"item\":\"https:\/\/resiligrow.com\/\"},{\"@type\":\"ListItem\",\"position\":2,\"name\":\"Who we are\"}]},{\"@type\":\"WebSite\",\"@id\":\"https:\/\/resiligrow.com\/#website\",\"url\":\"https:\/\/resiligrow.com\/\",\"name\":\"Resiligrow\",\"description\":\"Stimulate your soil\",\"publisher\":{\"@id\":\"https:\/\/resiligrow.com\/#organization\"},\"potentialAction\":[{\"@type\":\"SearchAction\",\"target\":{\"@type\":\"EntryPoint\",\"urlTemplate\":\"https:\/\/resiligrow.com\/?s={search_term_string}\"},\"query-input\":{\"@type\":\"PropertyValueSpecification\",\"valueRequired\":true,\"valueName\":\"search_term_string\"}}],\"inLanguage\":\"es-ES\"},{\"@type\":\"Organization\",\"@id\":\"https:\/\/resiligrow.com\/#organization\",\"name\":\"Resiligrow\",\"url\":\"https:\/\/resiligrow.com\/\",\"logo\":{\"@type\":\"ImageObject\",\"inLanguage\":\"es-ES\",\"@id\":\"https:\/\/resiligrow.com\/#\/schema\/logo\/image\/\",\"url\":\"https:\/\/resiligrow.com\/wp-content\/uploads\/2026\/02\/resiligrow-logo.svg\",\"contentUrl\":\"https:\/\/resiligrow.com\/wp-content\/uploads\/2026\/02\/resiligrow-logo.svg\",\"width\":\"1024\",\"height\":\"1024\",\"caption\":\"Resiligrow\"},\"image\":{\"@id\":\"https:\/\/resiligrow.com\/#\/schema\/logo\/image\/\"},\"sameAs\":[\"https:\/\/www.linkedin.com\/posts\/insectbiotech_home-activity-7319998551466364928-3Psw\/\"]}]}<\/script>\n<!-- \/ Yoast SEO plugin. -->","yoast_head_json":{"title":"Who we are - Resiligrow","robots":{"index":"index","follow":"follow","max-snippet":"max-snippet:-1","max-image-preview":"max-image-preview:large","max-video-preview":"max-video-preview:-1"},"canonical":"https:\/\/resiligrow.com\/es\/who-we-are\/","og_locale":"es_ES","og_type":"article","og_title":"Who we are - Resiligrow","og_description":"Resiligrow is a Spain-based company focused delivering accelerate resilient growth in agriculture in Europe. Our mission is transform soil and plant health, driving resilience towards regenerative agriculture. We\u2019re founded and owned by the same team\u00a0and investors behind InsectBiotech, our parent company.","og_url":"https:\/\/resiligrow.com\/es\/who-we-are\/","og_site_name":"Resiligrow","article_modified_time":"2026-02-25T16:48:15+00:00","og_image":[{"width":2000,"height":813,"url":"https:\/\/resiligrow.com\/wp-content\/uploads\/2026\/02\/whoweare-banner.jpg","type":"image\/jpeg"}],"twitter_card":"summary_large_image","twitter_misc":{"Est. reading time":"1 minute"},"schema":{"@context":"https:\/\/schema.org","@graph":[{"@type":"WebPage","@id":"https:\/\/resiligrow.com\/who-we-are\/","url":"https:\/\/resiligrow.com\/who-we-are\/","name":"Who we are - Resiligrow","isPartOf":{"@id":"https:\/\/resiligrow.com\/#website"},"primaryImageOfPage":{"@id":"https:\/\/resiligrow.com\/who-we-are\/#primaryimage"},"image":{"@id":"https:\/\/resiligrow.com\/who-we-are\/#primaryimage"},"thumbnailUrl":"https:\/\/resiligrow.com\/wp-content\/uploads\/2026\/02\/whoweare-banner.jpg","datePublished":"2026-02-11T17:34:06+00:00","dateModified":"2026-02-25T16:48:15+00:00","breadcrumb":{"@id":"https:\/\/resiligrow.com\/who-we-are\/#breadcrumb"},"inLanguage":"es-ES","potentialAction":[{"@type":"ReadAction","target":["https:\/\/resiligrow.com\/who-we-are\/"]}]},{"@type":"ImageObject","inLanguage":"es-ES","@id":"https:\/\/resiligrow.com\/who-we-are\/#primaryimage","url":"https:\/\/resiligrow.com\/wp-content\/uploads\/2026\/02\/whoweare-banner.jpg","contentUrl":"https:\/\/resiligrow.com\/wp-content\/uploads\/2026\/02\/whoweare-banner.jpg","width":2000,"height":813},{"@type":"BreadcrumbList","@id":"https:\/\/resiligrow.com\/who-we-are\/#breadcrumb","itemListElement":[{"@type":"ListItem","position":1,"name":"Home","item":"https:\/\/resiligrow.com\/"},{"@type":"ListItem","position":2,"name":"Who we are"}]},{"@type":"WebSite","@id":"https:\/\/resiligrow.com\/#website","url":"https:\/\/resiligrow.com\/","name":"Resiligrow","description":"Estimula tu suelo","publisher":{"@id":"https:\/\/resiligrow.com\/#organization"},"potentialAction":[{"@type":"SearchAction","target":{"@type":"EntryPoint","urlTemplate":"https:\/\/resiligrow.com\/?s={search_term_string}"},"query-input":{"@type":"PropertyValueSpecification","valueRequired":true,"valueName":"search_term_string"}}],"inLanguage":"es-ES"},{"@type":"Organization","@id":"https:\/\/resiligrow.com\/#organization","name":"Resiligrow","url":"https:\/\/resiligrow.com\/","logo":{"@type":"ImageObject","inLanguage":"es-ES","@id":"https:\/\/resiligrow.com\/#\/schema\/logo\/image\/","url":"https:\/\/resiligrow.com\/wp-content\/uploads\/2026\/02\/resiligrow-logo.svg","contentUrl":"https:\/\/resiligrow.com\/wp-content\/uploads\/2026\/02\/resiligrow-logo.svg","width":"1024","height":"1024","caption":"Resiligrow"},"image":{"@id":"https:\/\/resiligrow.com\/#\/schema\/logo\/image\/"},"sameAs":["https:\/\/www.linkedin.com\/posts\/insectbiotech_home-activity-7319998551466364928-3Psw\/"]}]}},"_links":{"self":[{"href":"https:\/\/resiligrow.com\/es\/wp-json\/wp\/v2\/pages\/12","targetHints":{"allow":["GET"]}}],"collection":[{"href":"https:\/\/resiligrow.com\/es\/wp-json\/wp\/v2\/pages"}],"about":[{"href":"https:\/\/resiligrow.com\/es\/wp-json\/wp\/v2\/types\/page"}],"author":[{"embeddable":true,"href":"https:\/\/resiligrow.com\/es\/wp-json\/wp\/v2\/users\/1"}],"replies":[{"embeddable":true,"href":"https:\/\/resiligrow.com\/es\/wp-json\/wp\/v2\/comments?post=12"}],"version-history":[{"count":16,"href":"https:\/\/resiligrow.com\/es\/wp-json\/wp\/v2\/pages\/12\/revisions"}],"predecessor-version":[{"id":238,"href":"https:\/\/resiligrow.com\/es\/wp-json\/wp\/v2\/pages\/12\/revisions\/238"}],"wp:featuredmedia":[{"embeddable":true,"href":"https:\/\/resiligrow.com\/es\/wp-json\/wp\/v2\/media\/141"}],"wp:attachment":[{"href":"https:\/\/resiligrow.com\/es\/wp-json\/wp\/v2\/media?parent=12"}],"curies":[{"name":"wp","href":"https:\/\/api.w.org\/{rel}","templated":true}]}}