{"id":13,"date":"2026-02-11T17:34:06","date_gmt":"2026-02-11T17:34:06","guid":{"rendered":"https:\/\/resiligrow.com\/?page_id=13"},"modified":"2026-02-25T16:47:48","modified_gmt":"2026-02-25T16:47:48","slug":"the-soil-challenge","status":"publish","type":"page","link":"https:\/\/resiligrow.com\/es\/the-soil-challenge\/","title":{"rendered":"El reto del suelo"},"content":{"rendered":"<section class=\"figures_block custom_block alignwide spacing_both has_leader\">\n\n  \n  <div class=\"content\">\n\n    <div class=\"container\">\n\n      <div class=\"row d-flex justify-content-center\">\n        <div class=\"col-lg-8\">\n\n                      <div class=\"intro_text text-center\">\n                <h2>Factores clave de la degradaci\u00f3n<\/h2>\n<p>La labranza intensiva y los insumos qu\u00edmicos aceleran la erosi\u00f3n, y los suelos de la UE pierden 1.000 millones de toneladas al a\u00f1o.<\/p>\n            <\/div>\n          \n        <\/div>  \n      <\/div>\n\n      <div class=\"row d-flex justify-content-center icon_section\">\n\n        \n          \n              <div class=\"fig_col_wrapper col-md-6 col-lg-4\">\n\n                <div class=\"fig_col\">\n\n                  \n                    <div class=\"figure\">\n                                                                    <span class=\"fig_main\">24<\/span>\n                                                                    <span class=\"fig_after\">%<\/span>\n                                          <\/div>\n\n                  \n                                      <div class=\"fig_subtitle\">de las tierras de cultivo de la UE afectadas por la erosi\u00f3n h\u00eddrica<\/div>\n                                    \n                                      <div class=\"fig_text\"><p>se proyecta que aumentar\u00e1 13-25% para 2050<\/p>\n<\/div>\n                  \n                <\/div>\n\n              <\/div>\n\n          \n              <div class=\"fig_col_wrapper col-md-6 col-lg-4\">\n\n                <div class=\"fig_col\">\n\n                  \n                    <div class=\"figure\">\n                                                                    <span class=\"fig_main\">74<\/span>\n                                                                    <span class=\"fig_after\">%<\/span>\n                                          <\/div>\n\n                  \n                                      <div class=\"fig_subtitle\">de las tierras de cultivo de la UE afectadas por desequilibrios de nutrientes<\/div>\n                                    \n                                      <div class=\"fig_text\"><p>impulsados por excedentes de nitr\u00f3geno que da\u00f1an los cultivos, la salud y los ecosistemas<\/p>\n<\/div>\n                  \n                <\/div>\n\n              <\/div>\n\n          \n              <div class=\"fig_col_wrapper col-md-6 col-lg-4\">\n\n                <div class=\"fig_col\">\n\n                  \n                    <div class=\"figure\">\n                                                                    <span class=\"fig_main\">70<\/span>\n                                                                    <span class=\"fig_after\">m<\/span>\n                                          <\/div>\n\n                  \n                                      <div class=\"fig_subtitle\">toneladas perdidas de las tierras de cultivo de la UE entre 2009 y 2018<\/div>\n                                    \n                                      <div class=\"fig_text\"><p>reducci\u00f3n de la fertilidad y secuestro de carbono<\/p>\n<\/div>\n                  \n                <\/div>\n\n              <\/div>\n\n          \n        \n      <\/div>\n\n    <\/div>\n\n  <\/div>\n          \n<\/section>\n\n\n\n\n\n\n\n\n\n\n\n\n\n\n  \n\n\n\n\n\n<section class=\"image_banner_block cta_banner custom_block alignwide spacing_below has_leader\">\n\n  \n  <div class=\"content entry_grow\">\n    <div class=\"container-fluid\">\n      <div class=\"d-flex flex-column-reverse flex-lg-row gx-0 image_banner_row\">\n        <div class=\"col-lg-6\">\n\n          <div class=\"text_col\">\n\n                          <h3>Impactos en la agricultura y el medio ambiente<\/h3>\n<p>Los suelos degradados reducen los rendimientos, aumentan la vulnerabilidad a las sequ\u00edas e inundaciones y socavan la biodiversidad.<\/p>\n<p>Esta crisis cuesta miles de millones anuales, poniendo en peligro los objetivos del Pacto Verde de la UE, como la estrategia \"De la granja a la mesa\" y la Misi\u00f3n Suelos. En regiones como Ucrania, la guerra ha degradado m\u00e1s de 10 millones de hect\u00e1reas.<\/p>\n            \n            \n          <\/div>\n        <\/div>\n\n        <div class=\"col-lg-6\">\n          <div class=\"image_col\">\n            <img loading=\"lazy\" decoding=\"async\" width=\"1600\" height=\"1189\" src=\"https:\/\/resiligrow.com\/wp-content\/uploads\/2026\/02\/farming-box-1600x1189.jpg\" class=\"attachment-page-banner size-page-banner\" alt=\"\" srcset=\"https:\/\/resiligrow.com\/wp-content\/uploads\/2026\/02\/farming-box-1600x1189.jpg 1600w, https:\/\/resiligrow.com\/wp-content\/uploads\/2026\/02\/farming-box-300x223.jpg 300w, https:\/\/resiligrow.com\/wp-content\/uploads\/2026\/02\/farming-box-1024x761.jpg 1024w, https:\/\/resiligrow.com\/wp-content\/uploads\/2026\/02\/farming-box-768x571.jpg 768w, https:\/\/resiligrow.com\/wp-content\/uploads\/2026\/02\/farming-box-1536x1141.jpg 1536w, https:\/\/resiligrow.com\/wp-content\/uploads\/2026\/02\/farming-box-16x12.jpg 16w, https:\/\/resiligrow.com\/wp-content\/uploads\/2026\/02\/farming-box-1000x743.jpg 1000w, https:\/\/resiligrow.com\/wp-content\/uploads\/2026\/02\/farming-box.jpg 2000w\" sizes=\"auto, (max-width: 1600px) 100vw, 1600px\" \/>          <\/div>\n        <\/div>\n      <\/div>\n    <\/div>\n  <\/div>\n          \n<\/section>\n\n\n\n<section class=\"image_boxes_block custom_block alignfull spacing_none has_leader\">\n  \n  \n    <div class=\"container\">\n      <div class=\"row intro_row\">\n\n                  <div class=\"col-lg-6\">\n            <div class=\"intro_text entry_left\">\n              <h2>ResiliGrow: Reconstruyendo la salud del suelo a escala<\/h2>\n<p>En ResiliGrow by InsectBiotech, creemos firmemente que nuestro producto estimulante del suelo derivado de insectos es la soluci\u00f3n escalable y asequible que los agricultores europeos necesitan para restaurar la salud del suelo y adoptar la agricultura regenerativa.<\/p>\n            <\/div>\n          <\/div>\n        \n                  <div class=\"col-lg-6\">\n            <div class=\"second_col entry_right\">\n                              <p>Respaldado por una investigaci\u00f3n rigurosa, ResiliGrow aprovecha el poder de los excrementos de insectos para la bioactivaci\u00f3n, aumentando r\u00e1pidamente la materia org\u00e1nica, la disponibilidad de nutrientes y la retenci\u00f3n de agua, mecanismos probados que abordan la erosi\u00f3n, la compactaci\u00f3n y la p\u00e9rdida de fertilidad en diversos suelos de la UE.<\/p>\n                          <\/div>\n          <\/div>\n        \n      <\/div>\n\n\n      \n        <div class=\"row gx-5 boxes_row entry_bottom\">\n\n          \n            <div class=\"col-lg-4\">\n              <div class=\"box_col\">\n\n                                  <div class=\"image_wrapper\">\n                    <img loading=\"lazy\" decoding=\"async\" width=\"1000\" height=\"667\" src=\"https:\/\/resiligrow.com\/wp-content\/uploads\/2026\/02\/science_box-1000x667.jpg\" class=\"box_image\" alt=\"\" srcset=\"https:\/\/resiligrow.com\/wp-content\/uploads\/2026\/02\/science_box-1000x667.jpg 1000w, https:\/\/resiligrow.com\/wp-content\/uploads\/2026\/02\/science_box-300x200.jpg 300w, https:\/\/resiligrow.com\/wp-content\/uploads\/2026\/02\/science_box-1024x682.jpg 1024w, https:\/\/resiligrow.com\/wp-content\/uploads\/2026\/02\/science_box-768x512.jpg 768w, https:\/\/resiligrow.com\/wp-content\/uploads\/2026\/02\/science_box-1536x1024.jpg 1536w, https:\/\/resiligrow.com\/wp-content\/uploads\/2026\/02\/science_box-18x12.jpg 18w, https:\/\/resiligrow.com\/wp-content\/uploads\/2026\/02\/science_box-1600x1066.jpg 1600w, https:\/\/resiligrow.com\/wp-content\/uploads\/2026\/02\/science_box.jpg 2000w\" sizes=\"auto, (max-width: 1000px) 100vw, 1000px\" \/>                  <\/div>\n                \n                <div class=\"box_info\">\n                                      <div class=\"text_wrapper\">\n                      <h3>Ciencia Establecida, Impacto Demostrado<\/h3>\n<p>Nuestra f\u00f3rmula se basa en ciencia bien establecida: la quitina y los nutrientes derivados de insectos estimulan microbios beneficiosos, imitando los procesos naturales de formaci\u00f3n de suelo observados en d\u00e9cadas de estudios de agroecolog\u00eda. Validaciones de laboratorio independientes confirman aumentos en la biomasa microbiana y la actividad enzim\u00e1tica en cuesti\u00f3n de semanas, junto con un crecimiento radicular mejorado y secuestro de carbono. Esto no es teor\u00eda, es biolog\u00eda repetible adaptada para la agricultura del mundo real.<\/p>\n                    <\/div>\n                  \n                                  <\/div>\n\n              <\/div>\n            <\/div>\n\n          \n            <div class=\"col-lg-4\">\n              <div class=\"box_col\">\n\n                                  <div class=\"image_wrapper\">\n                    <img loading=\"lazy\" decoding=\"async\" width=\"1000\" height=\"667\" src=\"https:\/\/resiligrow.com\/wp-content\/uploads\/2026\/02\/trials-box-1000x667.jpg\" class=\"box_image\" alt=\"\" srcset=\"https:\/\/resiligrow.com\/wp-content\/uploads\/2026\/02\/trials-box-1000x667.jpg 1000w, https:\/\/resiligrow.com\/wp-content\/uploads\/2026\/02\/trials-box-300x200.jpg 300w, https:\/\/resiligrow.com\/wp-content\/uploads\/2026\/02\/trials-box-1024x682.jpg 1024w, https:\/\/resiligrow.com\/wp-content\/uploads\/2026\/02\/trials-box-768x512.jpg 768w, https:\/\/resiligrow.com\/wp-content\/uploads\/2026\/02\/trials-box-1536x1024.jpg 1536w, https:\/\/resiligrow.com\/wp-content\/uploads\/2026\/02\/trials-box-18x12.jpg 18w, https:\/\/resiligrow.com\/wp-content\/uploads\/2026\/02\/trials-box-1600x1066.jpg 1600w, https:\/\/resiligrow.com\/wp-content\/uploads\/2026\/02\/trials-box.jpg 2000w\" sizes=\"auto, (max-width: 1000px) 100vw, 1000px\" \/>                  <\/div>\n                \n                <div class=\"box_info\">\n                                      <div class=\"text_wrapper\">\n                      <h3>Resultados de las pruebas de campo<\/h3>\n<p>Los ensayos de campo actuales est\u00e1n arrojando excelentes resultados en cuanto a mejoras en el rendimiento y aumentos del carbono org\u00e1nico en el suelo. Los agricultores reportan cultivos resistentes que prosperan en condiciones dif\u00edciles. Estos resultados validan nuestro enfoque, posicionando a ResiliGrow como una mejora \"plug-and-play\" para los sistemas convencionales que transicionan a pr\u00e1cticas regenerativas.<\/p>\n                    <\/div>\n                  \n                                  <\/div>\n\n              <\/div>\n            <\/div>\n\n          \n            <div class=\"col-lg-4\">\n              <div class=\"box_col\">\n\n                                  <div class=\"image_wrapper\">\n                    <img loading=\"lazy\" decoding=\"async\" width=\"1000\" height=\"667\" src=\"https:\/\/resiligrow.com\/wp-content\/uploads\/2026\/02\/scaling-box-1000x667.jpg\" class=\"box_image\" alt=\"\" srcset=\"https:\/\/resiligrow.com\/wp-content\/uploads\/2026\/02\/scaling-box-1000x667.jpg 1000w, https:\/\/resiligrow.com\/wp-content\/uploads\/2026\/02\/scaling-box-300x200.jpg 300w, https:\/\/resiligrow.com\/wp-content\/uploads\/2026\/02\/scaling-box-1024x682.jpg 1024w, https:\/\/resiligrow.com\/wp-content\/uploads\/2026\/02\/scaling-box-768x512.jpg 768w, https:\/\/resiligrow.com\/wp-content\/uploads\/2026\/02\/scaling-box-1536x1024.jpg 1536w, https:\/\/resiligrow.com\/wp-content\/uploads\/2026\/02\/scaling-box-18x12.jpg 18w, https:\/\/resiligrow.com\/wp-content\/uploads\/2026\/02\/scaling-box-1600x1066.jpg 1600w, https:\/\/resiligrow.com\/wp-content\/uploads\/2026\/02\/scaling-box.jpg 2000w\" sizes=\"auto, (max-width: 1000px) 100vw, 1000px\" \/>                  <\/div>\n                \n                <div class=\"box_info\">\n                                      <div class=\"text_wrapper\">\n                      <h3>Escalando para el Futuro de Europa<\/h3>\n<p>A medida que nos preparamos para la producci\u00f3n a gran escala en 2027, ResiliGrow no ser\u00e1 un producto de precio premium, sino uno que ofrezca resultados de regeneraci\u00f3n del suelo a un precio competitivo, alineado con los incentivos de la PAC de la UE y los objetivos del Pacto Verde. Estamos comprometidos a hacer que la regeneraci\u00f3n del suelo sea generalizada, un campo a la vez.<\/p>\n                    <\/div>\n                  \n                                  <\/div>\n\n              <\/div>\n            <\/div>\n\n          \n        <\/div>\n\n      \n    <\/div>\n          \n<\/section>","protected":false},"excerpt":{"rendered":"<p>Europe\u2019s agricultural soils are under severe strain, with widespread degradation threatening food security and sustainability. Over 60% of EU soils suffer from erosion, compaction, nutrient depletion, and organic matter loss, exacerbated by intensive farming, monocultures, and climate change.<\/p>","protected":false},"author":1,"featured_media":210,"parent":0,"menu_order":0,"comment_status":"closed","ping_status":"closed","template":"","meta":{"_acf_changed":false,"inline_featured_image":false,"footnotes":""},"class_list":["post-13","page","type-page","status-publish","has-post-thumbnail","hentry"],"acf":[],"yoast_head":"<!-- This site is optimized with the Yoast SEO plugin v27.2 - https:\/\/yoast.com\/product\/yoast-seo-wordpress\/ -->\n<title>The soil challenge - Resiligrow<\/title>\n<meta name=\"robots\" content=\"index, follow, max-snippet:-1, max-image-preview:large, max-video-preview:-1\" \/>\n<link rel=\"canonical\" href=\"https:\/\/resiligrow.com\/es\/the-soil-challenge\/\" \/>\n<meta property=\"og:locale\" content=\"es_ES\" \/>\n<meta property=\"og:type\" content=\"article\" \/>\n<meta property=\"og:title\" content=\"The soil challenge - Resiligrow\" \/>\n<meta property=\"og:description\" content=\"Europe\u2019s agricultural soils are under severe strain, with widespread degradation threatening food security and sustainability. Over 60% of EU soils suffer from erosion, compaction, nutrient depletion, and organic matter loss, exacerbated by intensive farming, monocultures, and climate change.\" \/>\n<meta property=\"og:url\" content=\"https:\/\/resiligrow.com\/es\/the-soil-challenge\/\" \/>\n<meta property=\"og:site_name\" content=\"Resiligrow\" \/>\n<meta property=\"article:modified_time\" content=\"2026-02-25T16:47:48+00:00\" \/>\n<meta property=\"og:image\" content=\"https:\/\/resiligrow.com\/wp-content\/uploads\/2026\/02\/soil-banner.jpg\" \/>\n\t<meta property=\"og:image:width\" content=\"2000\" \/>\n\t<meta property=\"og:image:height\" content=\"1078\" \/>\n\t<meta property=\"og:image:type\" content=\"image\/jpeg\" \/>\n<meta name=\"twitter:card\" content=\"summary_large_image\" \/>\n<meta name=\"twitter:label1\" content=\"Est. reading time\" \/>\n\t<meta name=\"twitter:data1\" content=\"1 minute\" \/>\n<script type=\"application\/ld+json\" class=\"yoast-schema-graph\">{\"@context\":\"https:\/\/schema.org\",\"@graph\":[{\"@type\":\"WebPage\",\"@id\":\"https:\/\/resiligrow.com\/the-soil-challenge\/\",\"url\":\"https:\/\/resiligrow.com\/the-soil-challenge\/\",\"name\":\"The soil challenge - Resiligrow\",\"isPartOf\":{\"@id\":\"https:\/\/resiligrow.com\/#website\"},\"primaryImageOfPage\":{\"@id\":\"https:\/\/resiligrow.com\/the-soil-challenge\/#primaryimage\"},\"image\":{\"@id\":\"https:\/\/resiligrow.com\/the-soil-challenge\/#primaryimage\"},\"thumbnailUrl\":\"https:\/\/resiligrow.com\/wp-content\/uploads\/2026\/02\/soil-banner.jpg\",\"datePublished\":\"2026-02-11T17:34:06+00:00\",\"dateModified\":\"2026-02-25T16:47:48+00:00\",\"breadcrumb\":{\"@id\":\"https:\/\/resiligrow.com\/the-soil-challenge\/#breadcrumb\"},\"inLanguage\":\"es-ES\",\"potentialAction\":[{\"@type\":\"ReadAction\",\"target\":[\"https:\/\/resiligrow.com\/the-soil-challenge\/\"]}]},{\"@type\":\"ImageObject\",\"inLanguage\":\"es-ES\",\"@id\":\"https:\/\/resiligrow.com\/the-soil-challenge\/#primaryimage\",\"url\":\"https:\/\/resiligrow.com\/wp-content\/uploads\/2026\/02\/soil-banner.jpg\",\"contentUrl\":\"https:\/\/resiligrow.com\/wp-content\/uploads\/2026\/02\/soil-banner.jpg\",\"width\":2000,\"height\":1078},{\"@type\":\"BreadcrumbList\",\"@id\":\"https:\/\/resiligrow.com\/the-soil-challenge\/#breadcrumb\",\"itemListElement\":[{\"@type\":\"ListItem\",\"position\":1,\"name\":\"Home\",\"item\":\"https:\/\/resiligrow.com\/\"},{\"@type\":\"ListItem\",\"position\":2,\"name\":\"The soil challenge\"}]},{\"@type\":\"WebSite\",\"@id\":\"https:\/\/resiligrow.com\/#website\",\"url\":\"https:\/\/resiligrow.com\/\",\"name\":\"Resiligrow\",\"description\":\"Stimulate your soil\",\"publisher\":{\"@id\":\"https:\/\/resiligrow.com\/#organization\"},\"potentialAction\":[{\"@type\":\"SearchAction\",\"target\":{\"@type\":\"EntryPoint\",\"urlTemplate\":\"https:\/\/resiligrow.com\/?s={search_term_string}\"},\"query-input\":{\"@type\":\"PropertyValueSpecification\",\"valueRequired\":true,\"valueName\":\"search_term_string\"}}],\"inLanguage\":\"es-ES\"},{\"@type\":\"Organization\",\"@id\":\"https:\/\/resiligrow.com\/#organization\",\"name\":\"Resiligrow\",\"url\":\"https:\/\/resiligrow.com\/\",\"logo\":{\"@type\":\"ImageObject\",\"inLanguage\":\"es-ES\",\"@id\":\"https:\/\/resiligrow.com\/#\/schema\/logo\/image\/\",\"url\":\"https:\/\/resiligrow.com\/wp-content\/uploads\/2026\/02\/resiligrow-logo.svg\",\"contentUrl\":\"https:\/\/resiligrow.com\/wp-content\/uploads\/2026\/02\/resiligrow-logo.svg\",\"width\":\"1024\",\"height\":\"1024\",\"caption\":\"Resiligrow\"},\"image\":{\"@id\":\"https:\/\/resiligrow.com\/#\/schema\/logo\/image\/\"},\"sameAs\":[\"https:\/\/www.linkedin.com\/posts\/insectbiotech_home-activity-7319998551466364928-3Psw\/\"]}]}<\/script>\n<!-- \/ Yoast SEO plugin. -->","yoast_head_json":{"title":"The soil challenge - Resiligrow","robots":{"index":"index","follow":"follow","max-snippet":"max-snippet:-1","max-image-preview":"max-image-preview:large","max-video-preview":"max-video-preview:-1"},"canonical":"https:\/\/resiligrow.com\/es\/the-soil-challenge\/","og_locale":"es_ES","og_type":"article","og_title":"The soil challenge - Resiligrow","og_description":"Europe\u2019s agricultural soils are under severe strain, with widespread degradation threatening food security and sustainability. Over 60% of EU soils suffer from erosion, compaction, nutrient depletion, and organic matter loss, exacerbated by intensive farming, monocultures, and climate change.","og_url":"https:\/\/resiligrow.com\/es\/the-soil-challenge\/","og_site_name":"Resiligrow","article_modified_time":"2026-02-25T16:47:48+00:00","og_image":[{"width":2000,"height":1078,"url":"https:\/\/resiligrow.com\/wp-content\/uploads\/2026\/02\/soil-banner.jpg","type":"image\/jpeg"}],"twitter_card":"summary_large_image","twitter_misc":{"Est. reading time":"1 minute"},"schema":{"@context":"https:\/\/schema.org","@graph":[{"@type":"WebPage","@id":"https:\/\/resiligrow.com\/the-soil-challenge\/","url":"https:\/\/resiligrow.com\/the-soil-challenge\/","name":"The soil challenge - Resiligrow","isPartOf":{"@id":"https:\/\/resiligrow.com\/#website"},"primaryImageOfPage":{"@id":"https:\/\/resiligrow.com\/the-soil-challenge\/#primaryimage"},"image":{"@id":"https:\/\/resiligrow.com\/the-soil-challenge\/#primaryimage"},"thumbnailUrl":"https:\/\/resiligrow.com\/wp-content\/uploads\/2026\/02\/soil-banner.jpg","datePublished":"2026-02-11T17:34:06+00:00","dateModified":"2026-02-25T16:47:48+00:00","breadcrumb":{"@id":"https:\/\/resiligrow.com\/the-soil-challenge\/#breadcrumb"},"inLanguage":"es-ES","potentialAction":[{"@type":"ReadAction","target":["https:\/\/resiligrow.com\/the-soil-challenge\/"]}]},{"@type":"ImageObject","inLanguage":"es-ES","@id":"https:\/\/resiligrow.com\/the-soil-challenge\/#primaryimage","url":"https:\/\/resiligrow.com\/wp-content\/uploads\/2026\/02\/soil-banner.jpg","contentUrl":"https:\/\/resiligrow.com\/wp-content\/uploads\/2026\/02\/soil-banner.jpg","width":2000,"height":1078},{"@type":"BreadcrumbList","@id":"https:\/\/resiligrow.com\/the-soil-challenge\/#breadcrumb","itemListElement":[{"@type":"ListItem","position":1,"name":"Home","item":"https:\/\/resiligrow.com\/"},{"@type":"ListItem","position":2,"name":"The soil challenge"}]},{"@type":"WebSite","@id":"https:\/\/resiligrow.com\/#website","url":"https:\/\/resiligrow.com\/","name":"Resiligrow","description":"Estimula tu suelo","publisher":{"@id":"https:\/\/resiligrow.com\/#organization"},"potentialAction":[{"@type":"SearchAction","target":{"@type":"EntryPoint","urlTemplate":"https:\/\/resiligrow.com\/?s={search_term_string}"},"query-input":{"@type":"PropertyValueSpecification","valueRequired":true,"valueName":"search_term_string"}}],"inLanguage":"es-ES"},{"@type":"Organization","@id":"https:\/\/resiligrow.com\/#organization","name":"Resiligrow","url":"https:\/\/resiligrow.com\/","logo":{"@type":"ImageObject","inLanguage":"es-ES","@id":"https:\/\/resiligrow.com\/#\/schema\/logo\/image\/","url":"https:\/\/resiligrow.com\/wp-content\/uploads\/2026\/02\/resiligrow-logo.svg","contentUrl":"https:\/\/resiligrow.com\/wp-content\/uploads\/2026\/02\/resiligrow-logo.svg","width":"1024","height":"1024","caption":"Resiligrow"},"image":{"@id":"https:\/\/resiligrow.com\/#\/schema\/logo\/image\/"},"sameAs":["https:\/\/www.linkedin.com\/posts\/insectbiotech_home-activity-7319998551466364928-3Psw\/"]}]}},"_links":{"self":[{"href":"https:\/\/resiligrow.com\/es\/wp-json\/wp\/v2\/pages\/13","targetHints":{"allow":["GET"]}}],"collection":[{"href":"https:\/\/resiligrow.com\/es\/wp-json\/wp\/v2\/pages"}],"about":[{"href":"https:\/\/resiligrow.com\/es\/wp-json\/wp\/v2\/types\/page"}],"author":[{"embeddable":true,"href":"https:\/\/resiligrow.com\/es\/wp-json\/wp\/v2\/users\/1"}],"replies":[{"embeddable":true,"href":"https:\/\/resiligrow.com\/es\/wp-json\/wp\/v2\/comments?post=13"}],"version-history":[{"count":10,"href":"https:\/\/resiligrow.com\/es\/wp-json\/wp\/v2\/pages\/13\/revisions"}],"predecessor-version":[{"id":237,"href":"https:\/\/resiligrow.com\/es\/wp-json\/wp\/v2\/pages\/13\/revisions\/237"}],"wp:featuredmedia":[{"embeddable":true,"href":"https:\/\/resiligrow.com\/es\/wp-json\/wp\/v2\/media\/210"}],"wp:attachment":[{"href":"https:\/\/resiligrow.com\/es\/wp-json\/wp\/v2\/media?parent=13"}],"curies":[{"name":"wp","href":"https:\/\/api.w.org\/{rel}","templated":true}]}}