{"id":15,"date":"2026-02-11T17:34:06","date_gmt":"2026-02-11T17:34:06","guid":{"rendered":"https:\/\/resiligrow.com\/?page_id=15"},"modified":"2026-02-27T16:45:35","modified_gmt":"2026-02-27T16:45:35","slug":"insights","status":"publish","type":"page","link":"https:\/\/resiligrow.com\/es\/insights\/","title":{"rendered":"Perspectivas"},"content":{"rendered":"<section class=\"post_list_block custom_block alignwide spacing_below\">\n\n  <div class=\"content\">\n\n    \n    \n    <div class=\"post_list no_filter\">\n\n      \n        <div class=\"container-fluid\">\n          <div class=\"row post_list_wrapper\">\n\n            \n              <div class=\"col-md-6 col-lg-4\">\n\n                \n\n<a class=\"post_list_item watch_listen_item\" href=\"https:\/\/resiligrow.com\/es\/how-we-know-resiligrow-works-the-science-and-the-soil\/\">\n\n\t\n\t\t<span class=\"post_thumbnail\">\n\t\t\t<img loading=\"lazy\" decoding=\"async\" width=\"640\" height=\"360\" src=\"https:\/\/resiligrow.com\/wp-content\/uploads\/2026\/02\/DOS22_InsectBiotech-4-1-768x432.jpg\" class=\"thumbnail_img wp-post-image\" alt=\"\" srcset=\"https:\/\/resiligrow.com\/wp-content\/uploads\/2026\/02\/DOS22_InsectBiotech-4-1-768x432.jpg 768w, https:\/\/resiligrow.com\/wp-content\/uploads\/2026\/02\/DOS22_InsectBiotech-4-1-300x169.jpg 300w, https:\/\/resiligrow.com\/wp-content\/uploads\/2026\/02\/DOS22_InsectBiotech-4-1-1024x576.jpg 1024w, https:\/\/resiligrow.com\/wp-content\/uploads\/2026\/02\/DOS22_InsectBiotech-4-1-1536x864.jpg 1536w, https:\/\/resiligrow.com\/wp-content\/uploads\/2026\/02\/DOS22_InsectBiotech-4-1-2048x1152.jpg 2048w, https:\/\/resiligrow.com\/wp-content\/uploads\/2026\/02\/DOS22_InsectBiotech-4-1-18x10.jpg 18w, https:\/\/resiligrow.com\/wp-content\/uploads\/2026\/02\/DOS22_InsectBiotech-4-1-1600x900.jpg 1600w, https:\/\/resiligrow.com\/wp-content\/uploads\/2026\/02\/DOS22_InsectBiotech-4-1-1000x562.jpg 1000w\" sizes=\"auto, (max-width: 640px) 100vw, 640px\" \/>\t\t<\/span>\n\n\t\n\t<span class=\"post_info\">\n\n\t\t\t\t\t<span class=\"category_bubble\" style=\"background-color: \">\n\t\t\t\t<span class=\"text\">Blog<\/span>\n\t\t\t<\/span>\n\t\t\n\t\t<span class=\"post_date_author\">\n\t\t\t<span class=\"post_date\">26 de febrero de 2026<\/span>\n\t\t<\/span>\n\t\t\n\t\t<h3 class=\"post_name\">C\u00f3mo sabemos que ResiliGrow funciona: la ciencia y la tierra<\/h3>\n\n\t<\/span>\n\t\n<\/a>\n\t\n              <\/div>\n\n            \n              <div class=\"col-md-6 col-lg-4\">\n\n                \n\n<a class=\"post_list_item watch_listen_item\" href=\"https:\/\/resiligrow.com\/es\/healthy-soil-healthy-plants-why-we-believe-in-living-land\/\">\n\n\t\n\t\t<span class=\"post_thumbnail\">\n\t\t\t<img loading=\"lazy\" decoding=\"async\" width=\"640\" height=\"856\" src=\"https:\/\/resiligrow.com\/wp-content\/uploads\/2026\/02\/IMG_0461-768x1027.jpeg\" class=\"thumbnail_img wp-post-image\" alt=\"\" srcset=\"https:\/\/resiligrow.com\/wp-content\/uploads\/2026\/02\/IMG_0461-768x1027.jpeg 768w, https:\/\/resiligrow.com\/wp-content\/uploads\/2026\/02\/IMG_0461-224x300.jpeg 224w, https:\/\/resiligrow.com\/wp-content\/uploads\/2026\/02\/IMG_0461-766x1024.jpeg 766w, https:\/\/resiligrow.com\/wp-content\/uploads\/2026\/02\/IMG_0461-1149x1536.jpeg 1149w, https:\/\/resiligrow.com\/wp-content\/uploads\/2026\/02\/IMG_0461-1532x2048.jpeg 1532w, https:\/\/resiligrow.com\/wp-content\/uploads\/2026\/02\/IMG_0461-9x12.jpeg 9w, https:\/\/resiligrow.com\/wp-content\/uploads\/2026\/02\/IMG_0461-1600x2139.jpeg 1600w, https:\/\/resiligrow.com\/wp-content\/uploads\/2026\/02\/IMG_0461-1000x1337.jpeg 1000w, https:\/\/resiligrow.com\/wp-content\/uploads\/2026\/02\/IMG_0461.jpeg 1915w\" sizes=\"auto, (max-width: 640px) 100vw, 640px\" \/>\t\t<\/span>\n\n\t\n\t<span class=\"post_info\">\n\n\t\t\t\t\t<span class=\"category_bubble\" style=\"background-color: \">\n\t\t\t\t<span class=\"text\">Blog<\/span>\n\t\t\t<\/span>\n\t\t\n\t\t<span class=\"post_date_author\">\n\t\t\t<span class=\"post_date\">18 de enero de 2026<\/span>\n\t\t<\/span>\n\t\t\n\t\t<h3 class=\"post_name\">Suelo sano, plantas sanas: por qu\u00e9 creemos en la tierra viva<\/h3>\n\n\t<\/span>\n\t\n<\/a>\n\t\n              <\/div>\n\n            \n              <div class=\"col-md-6 col-lg-4\">\n\n                \n\n<a class=\"post_list_item watch_listen_item\" href=\"https:\/\/resiligrow.com\/es\/closing-the-loop-how-resiligrow-fits-into-circular-farming\/\">\n\n\t\n\t\t<span class=\"post_thumbnail\">\n\t\t\t<img loading=\"lazy\" decoding=\"async\" width=\"640\" height=\"480\" src=\"https:\/\/resiligrow.com\/wp-content\/uploads\/2026\/02\/BSFL-and-Frass-768x576.jpg\" class=\"thumbnail_img wp-post-image\" alt=\"\" srcset=\"https:\/\/resiligrow.com\/wp-content\/uploads\/2026\/02\/BSFL-and-Frass-768x576.jpg 768w, https:\/\/resiligrow.com\/wp-content\/uploads\/2026\/02\/BSFL-and-Frass-300x225.jpg 300w, https:\/\/resiligrow.com\/wp-content\/uploads\/2026\/02\/BSFL-and-Frass-1024x768.jpg 1024w, https:\/\/resiligrow.com\/wp-content\/uploads\/2026\/02\/BSFL-and-Frass-1536x1152.jpg 1536w, https:\/\/resiligrow.com\/wp-content\/uploads\/2026\/02\/BSFL-and-Frass-16x12.jpg 16w, https:\/\/resiligrow.com\/wp-content\/uploads\/2026\/02\/BSFL-and-Frass-1600x1200.jpg 1600w, https:\/\/resiligrow.com\/wp-content\/uploads\/2026\/02\/BSFL-and-Frass-1000x750.jpg 1000w, https:\/\/resiligrow.com\/wp-content\/uploads\/2026\/02\/BSFL-and-Frass.jpg 2048w\" sizes=\"auto, (max-width: 640px) 100vw, 640px\" \/>\t\t<\/span>\n\n\t\n\t<span class=\"post_info\">\n\n\t\t\t\t\t<span class=\"category_bubble\" style=\"background-color: \">\n\t\t\t\t<span class=\"text\">Blog<\/span>\n\t\t\t<\/span>\n\t\t\n\t\t<span class=\"post_date_author\">\n\t\t\t<span class=\"post_date\">15 de diciembre de 2025<\/span>\n\t\t<\/span>\n\t\t\n\t\t<h3 class=\"post_name\">Cerrando el c\u00edrculo: C\u00f3mo ResiliGrow encaja en la agricultura circular<\/h3>\n\n\t<\/span>\n\t\n<\/a>\n\t\n              <\/div>\n\n            \n              <div class=\"col-md-6 col-lg-4\">\n\n                \n\n<a class=\"post_list_item watch_listen_item\" href=\"https:\/\/resiligrow.com\/es\/how-we-got-here-and-why-we-created-resiligrow\/\">\n\n\t\n\t\t<span class=\"post_thumbnail\">\n\t\t\t<img loading=\"lazy\" decoding=\"async\" width=\"640\" height=\"360\" src=\"https:\/\/resiligrow.com\/wp-content\/uploads\/2026\/02\/DOS22_InsectBiotech-9-768x432.jpg\" class=\"thumbnail_img wp-post-image\" alt=\"\" srcset=\"https:\/\/resiligrow.com\/wp-content\/uploads\/2026\/02\/DOS22_InsectBiotech-9-768x432.jpg 768w, https:\/\/resiligrow.com\/wp-content\/uploads\/2026\/02\/DOS22_InsectBiotech-9-300x169.jpg 300w, https:\/\/resiligrow.com\/wp-content\/uploads\/2026\/02\/DOS22_InsectBiotech-9-1024x576.jpg 1024w, https:\/\/resiligrow.com\/wp-content\/uploads\/2026\/02\/DOS22_InsectBiotech-9-1536x864.jpg 1536w, https:\/\/resiligrow.com\/wp-content\/uploads\/2026\/02\/DOS22_InsectBiotech-9-2048x1152.jpg 2048w, https:\/\/resiligrow.com\/wp-content\/uploads\/2026\/02\/DOS22_InsectBiotech-9-18x10.jpg 18w, https:\/\/resiligrow.com\/wp-content\/uploads\/2026\/02\/DOS22_InsectBiotech-9-1600x900.jpg 1600w, https:\/\/resiligrow.com\/wp-content\/uploads\/2026\/02\/DOS22_InsectBiotech-9-1000x562.jpg 1000w\" sizes=\"auto, (max-width: 640px) 100vw, 640px\" \/>\t\t<\/span>\n\n\t\n\t<span class=\"post_info\">\n\n\t\t\t\t\t<span class=\"category_bubble\" style=\"background-color: \">\n\t\t\t\t<span class=\"text\">Blog<\/span>\n\t\t\t<\/span>\n\t\t\n\t\t<span class=\"post_date_author\">\n\t\t\t<span class=\"post_date\">8 de nov. de 2025<\/span>\n\t\t<\/span>\n\t\t\n\t\t<h3 class=\"post_name\">C\u00f3mo llegamos aqu\u00ed y por qu\u00e9 creamos ResiliGrow<\/h3>\n\n\t<\/span>\n\t\n<\/a>\n\t\n              <\/div>\n\n                        \n          <\/div>\n\n          <div class=\"row\">\n            <div class=\"col-12\">\n\n              <div class=\"pagination_wrapper\">\n                <div class=\"pagination\">\n                                      <\/div>\n              <\/div>\n              \n            <\/div>\n          <\/div>\n\n        <\/div>\n\n      \n    <\/div>\n\n  <\/div>\n\n          \n<\/section>","protected":false},"excerpt":{"rendered":"<p>Welcome to our insights page. Here you can find out more about our work, our story and our plans and progress. We&#8217;ll be posting regular blog and podcast updates here.<\/p>","protected":false},"author":1,"featured_media":326,"parent":0,"menu_order":0,"comment_status":"closed","ping_status":"closed","template":"","meta":{"_acf_changed":false,"inline_featured_image":false,"footnotes":""},"class_list":["post-15","page","type-page","status-publish","has-post-thumbnail","hentry"],"acf":[],"yoast_head":"<!-- This site is optimized with the Yoast SEO plugin v27.2 - https:\/\/yoast.com\/product\/yoast-seo-wordpress\/ -->\n<title>Insights - Resiligrow<\/title>\n<meta name=\"robots\" content=\"index, follow, max-snippet:-1, max-image-preview:large, max-video-preview:-1\" \/>\n<link rel=\"canonical\" href=\"https:\/\/resiligrow.com\/es\/insights\/\" \/>\n<meta property=\"og:locale\" content=\"es_ES\" \/>\n<meta property=\"og:type\" content=\"article\" \/>\n<meta property=\"og:title\" content=\"Insights - Resiligrow\" \/>\n<meta property=\"og:description\" content=\"Welcome to our insights page. Here you can find out more about our work, our story and our plans and progress. We&#039;ll be posting regular blog and podcast updates here.\" \/>\n<meta property=\"og:url\" content=\"https:\/\/resiligrow.com\/es\/insights\/\" \/>\n<meta property=\"og:site_name\" content=\"Resiligrow\" \/>\n<meta property=\"article:modified_time\" content=\"2026-02-27T16:45:35+00:00\" \/>\n<meta property=\"og:image\" content=\"https:\/\/resiligrow.com\/wp-content\/uploads\/2026\/02\/insights-banner.jpg\" \/>\n\t<meta property=\"og:image:width\" content=\"2000\" \/>\n\t<meta property=\"og:image:height\" content=\"1333\" \/>\n\t<meta property=\"og:image:type\" content=\"image\/jpeg\" \/>\n<meta name=\"twitter:card\" content=\"summary_large_image\" \/>\n<meta name=\"twitter:label1\" content=\"Est. reading time\" \/>\n\t<meta name=\"twitter:data1\" content=\"1 minute\" \/>\n<script type=\"application\/ld+json\" class=\"yoast-schema-graph\">{\"@context\":\"https:\/\/schema.org\",\"@graph\":[{\"@type\":\"WebPage\",\"@id\":\"https:\/\/resiligrow.com\/insights\/\",\"url\":\"https:\/\/resiligrow.com\/insights\/\",\"name\":\"Insights - Resiligrow\",\"isPartOf\":{\"@id\":\"https:\/\/resiligrow.com\/#website\"},\"primaryImageOfPage\":{\"@id\":\"https:\/\/resiligrow.com\/insights\/#primaryimage\"},\"image\":{\"@id\":\"https:\/\/resiligrow.com\/insights\/#primaryimage\"},\"thumbnailUrl\":\"https:\/\/resiligrow.com\/wp-content\/uploads\/2026\/02\/insights-banner.jpg\",\"datePublished\":\"2026-02-11T17:34:06+00:00\",\"dateModified\":\"2026-02-27T16:45:35+00:00\",\"breadcrumb\":{\"@id\":\"https:\/\/resiligrow.com\/insights\/#breadcrumb\"},\"inLanguage\":\"es-ES\",\"potentialAction\":[{\"@type\":\"ReadAction\",\"target\":[\"https:\/\/resiligrow.com\/insights\/\"]}]},{\"@type\":\"ImageObject\",\"inLanguage\":\"es-ES\",\"@id\":\"https:\/\/resiligrow.com\/insights\/#primaryimage\",\"url\":\"https:\/\/resiligrow.com\/wp-content\/uploads\/2026\/02\/insights-banner.jpg\",\"contentUrl\":\"https:\/\/resiligrow.com\/wp-content\/uploads\/2026\/02\/insights-banner.jpg\",\"width\":2000,\"height\":1333},{\"@type\":\"BreadcrumbList\",\"@id\":\"https:\/\/resiligrow.com\/insights\/#breadcrumb\",\"itemListElement\":[{\"@type\":\"ListItem\",\"position\":1,\"name\":\"Home\",\"item\":\"https:\/\/resiligrow.com\/\"},{\"@type\":\"ListItem\",\"position\":2,\"name\":\"Insights\"}]},{\"@type\":\"WebSite\",\"@id\":\"https:\/\/resiligrow.com\/#website\",\"url\":\"https:\/\/resiligrow.com\/\",\"name\":\"Resiligrow\",\"description\":\"Stimulate your soil\",\"publisher\":{\"@id\":\"https:\/\/resiligrow.com\/#organization\"},\"potentialAction\":[{\"@type\":\"SearchAction\",\"target\":{\"@type\":\"EntryPoint\",\"urlTemplate\":\"https:\/\/resiligrow.com\/?s={search_term_string}\"},\"query-input\":{\"@type\":\"PropertyValueSpecification\",\"valueRequired\":true,\"valueName\":\"search_term_string\"}}],\"inLanguage\":\"es-ES\"},{\"@type\":\"Organization\",\"@id\":\"https:\/\/resiligrow.com\/#organization\",\"name\":\"Resiligrow\",\"url\":\"https:\/\/resiligrow.com\/\",\"logo\":{\"@type\":\"ImageObject\",\"inLanguage\":\"es-ES\",\"@id\":\"https:\/\/resiligrow.com\/#\/schema\/logo\/image\/\",\"url\":\"https:\/\/resiligrow.com\/wp-content\/uploads\/2026\/02\/resiligrow-logo.svg\",\"contentUrl\":\"https:\/\/resiligrow.com\/wp-content\/uploads\/2026\/02\/resiligrow-logo.svg\",\"width\":\"1024\",\"height\":\"1024\",\"caption\":\"Resiligrow\"},\"image\":{\"@id\":\"https:\/\/resiligrow.com\/#\/schema\/logo\/image\/\"},\"sameAs\":[\"https:\/\/www.linkedin.com\/posts\/insectbiotech_home-activity-7319998551466364928-3Psw\/\"]}]}<\/script>\n<!-- \/ Yoast SEO plugin. -->","yoast_head_json":{"title":"Insights - Resiligrow","robots":{"index":"index","follow":"follow","max-snippet":"max-snippet:-1","max-image-preview":"max-image-preview:large","max-video-preview":"max-video-preview:-1"},"canonical":"https:\/\/resiligrow.com\/es\/insights\/","og_locale":"es_ES","og_type":"article","og_title":"Insights - Resiligrow","og_description":"Welcome to our insights page. Here you can find out more about our work, our story and our plans and progress. We'll be posting regular blog and podcast updates here.","og_url":"https:\/\/resiligrow.com\/es\/insights\/","og_site_name":"Resiligrow","article_modified_time":"2026-02-27T16:45:35+00:00","og_image":[{"width":2000,"height":1333,"url":"https:\/\/resiligrow.com\/wp-content\/uploads\/2026\/02\/insights-banner.jpg","type":"image\/jpeg"}],"twitter_card":"summary_large_image","twitter_misc":{"Est. reading time":"1 minute"},"schema":{"@context":"https:\/\/schema.org","@graph":[{"@type":"WebPage","@id":"https:\/\/resiligrow.com\/insights\/","url":"https:\/\/resiligrow.com\/insights\/","name":"Insights - Resiligrow","isPartOf":{"@id":"https:\/\/resiligrow.com\/#website"},"primaryImageOfPage":{"@id":"https:\/\/resiligrow.com\/insights\/#primaryimage"},"image":{"@id":"https:\/\/resiligrow.com\/insights\/#primaryimage"},"thumbnailUrl":"https:\/\/resiligrow.com\/wp-content\/uploads\/2026\/02\/insights-banner.jpg","datePublished":"2026-02-11T17:34:06+00:00","dateModified":"2026-02-27T16:45:35+00:00","breadcrumb":{"@id":"https:\/\/resiligrow.com\/insights\/#breadcrumb"},"inLanguage":"es-ES","potentialAction":[{"@type":"ReadAction","target":["https:\/\/resiligrow.com\/insights\/"]}]},{"@type":"ImageObject","inLanguage":"es-ES","@id":"https:\/\/resiligrow.com\/insights\/#primaryimage","url":"https:\/\/resiligrow.com\/wp-content\/uploads\/2026\/02\/insights-banner.jpg","contentUrl":"https:\/\/resiligrow.com\/wp-content\/uploads\/2026\/02\/insights-banner.jpg","width":2000,"height":1333},{"@type":"BreadcrumbList","@id":"https:\/\/resiligrow.com\/insights\/#breadcrumb","itemListElement":[{"@type":"ListItem","position":1,"name":"Home","item":"https:\/\/resiligrow.com\/"},{"@type":"ListItem","position":2,"name":"Insights"}]},{"@type":"WebSite","@id":"https:\/\/resiligrow.com\/#website","url":"https:\/\/resiligrow.com\/","name":"Resiligrow","description":"Estimula tu suelo","publisher":{"@id":"https:\/\/resiligrow.com\/#organization"},"potentialAction":[{"@type":"SearchAction","target":{"@type":"EntryPoint","urlTemplate":"https:\/\/resiligrow.com\/?s={search_term_string}"},"query-input":{"@type":"PropertyValueSpecification","valueRequired":true,"valueName":"search_term_string"}}],"inLanguage":"es-ES"},{"@type":"Organization","@id":"https:\/\/resiligrow.com\/#organization","name":"Resiligrow","url":"https:\/\/resiligrow.com\/","logo":{"@type":"ImageObject","inLanguage":"es-ES","@id":"https:\/\/resiligrow.com\/#\/schema\/logo\/image\/","url":"https:\/\/resiligrow.com\/wp-content\/uploads\/2026\/02\/resiligrow-logo.svg","contentUrl":"https:\/\/resiligrow.com\/wp-content\/uploads\/2026\/02\/resiligrow-logo.svg","width":"1024","height":"1024","caption":"Resiligrow"},"image":{"@id":"https:\/\/resiligrow.com\/#\/schema\/logo\/image\/"},"sameAs":["https:\/\/www.linkedin.com\/posts\/insectbiotech_home-activity-7319998551466364928-3Psw\/"]}]}},"_links":{"self":[{"href":"https:\/\/resiligrow.com\/es\/wp-json\/wp\/v2\/pages\/15","targetHints":{"allow":["GET"]}}],"collection":[{"href":"https:\/\/resiligrow.com\/es\/wp-json\/wp\/v2\/pages"}],"about":[{"href":"https:\/\/resiligrow.com\/es\/wp-json\/wp\/v2\/types\/page"}],"author":[{"embeddable":true,"href":"https:\/\/resiligrow.com\/es\/wp-json\/wp\/v2\/users\/1"}],"replies":[{"embeddable":true,"href":"https:\/\/resiligrow.com\/es\/wp-json\/wp\/v2\/comments?post=15"}],"version-history":[{"count":6,"href":"https:\/\/resiligrow.com\/es\/wp-json\/wp\/v2\/pages\/15\/revisions"}],"predecessor-version":[{"id":361,"href":"https:\/\/resiligrow.com\/es\/wp-json\/wp\/v2\/pages\/15\/revisions\/361"}],"wp:featuredmedia":[{"embeddable":true,"href":"https:\/\/resiligrow.com\/es\/wp-json\/wp\/v2\/media\/326"}],"wp:attachment":[{"href":"https:\/\/resiligrow.com\/es\/wp-json\/wp\/v2\/media?parent=15"}],"curies":[{"name":"wp","href":"https:\/\/api.w.org\/{rel}","templated":true}]}}