{"id":31,"date":"2026-02-11T17:35:07","date_gmt":"2026-02-11T17:35:07","guid":{"rendered":"https:\/\/resiligrow.com\/?page_id=31"},"modified":"2026-03-02T11:18:12","modified_gmt":"2026-03-02T11:18:12","slug":"homepage","status":"publish","type":"page","link":"https:\/\/resiligrow.com\/es\/","title":{"rendered":"Homepage"},"content":{"rendered":"<section class=\"home_banner_block custom_block alignfull spacing_below\">\n  \n  <div class=\"green_banner\">\n    <div class=\"container\">\n      <div class=\"row d-flex align-items-center flex-column-reverse flex-lg-row\">\n\n        <div class=\"col-lg-6\">\n          <div class=\"banner_text entry_left\">\n                          <h1 class=\"banner_title dots_title\">Desbloquea la Resiliencia del Suelo y las Plantas<\/h1>\n                                      <p>ResiliGrow es una soluci\u00f3n de suelo de pr\u00f3xima generaci\u00f3n fabricada en Espa\u00f1a. Ayudar\u00e1 a mejorar la estructura de su suelo, la microbiolog\u00eda y el rendimiento de los cultivos.<\/p>\n            \n                          <div class=\"buttons\">\n\n                \n                    <a class=\"resili_button\" href=\"https:\/\/resiligrow.com\/es\/contact-us\/\" target=\"\">\n                      <span class=\"label\">Pregunta a nuestros agr\u00f3nomos<\/span>\n                      <span class=\"icon\"><i class=\"fa-light fa-arrow-right\"><\/i><\/span>\n                    <\/a>\n\n                \n              <\/div>\n                        \n          <\/div>\n\n        <\/div>\n\n        <div class=\"col-lg-6 d-flex justify-content-center\">\n\n            <div class=\"banner_image_wrapper\">\n              \n                              <div class=\"home_banner_image\">\n                  <img loading=\"lazy\" decoding=\"async\" width=\"967\" height=\"967\" src=\"https:\/\/resiligrow.com\/wp-content\/uploads\/2026\/03\/resiligrow_hero2.jpg\" class=\"attachment-image-box size-image-box\" alt=\"\" srcset=\"https:\/\/resiligrow.com\/wp-content\/uploads\/2026\/03\/resiligrow_hero2.jpg 967w, https:\/\/resiligrow.com\/wp-content\/uploads\/2026\/03\/resiligrow_hero2-300x300.jpg 300w, https:\/\/resiligrow.com\/wp-content\/uploads\/2026\/03\/resiligrow_hero2-150x150.jpg 150w, https:\/\/resiligrow.com\/wp-content\/uploads\/2026\/03\/resiligrow_hero2-768x768.jpg 768w, https:\/\/resiligrow.com\/wp-content\/uploads\/2026\/03\/resiligrow_hero2-12x12.jpg 12w\" sizes=\"auto, (max-width: 967px) 100vw, 967px\" \/>                <\/div>\n              \n              <img decoding=\"async\" src=\"https:\/\/resiligrow.com\/wp-content\/themes\/resiligrow\/images\/homebanner_dots.svg\" class=\"banner_dots\" \/>\n\n            <\/div>\n\n        <\/div>\n\n      <\/div>\n    <\/div>\n  <\/div>\n          \n<\/section>\n\n\n\n\n\n\n\n\n\n\n\n\n\n\n  \n\n\n\n\n\n<section class=\"benefits_block custom_block alignwide spacing_below\">\n\n  <div class=\"container-fluid\">\n    <div class=\"row\">\n      \n      <div class=\"col-lg-5 col-xxl-6\">\n                  <div class=\"text_col\">\n            \n            <div class=\"text_block_col first_col\">\n                <h2>\u00bfQu\u00e9 es ResiliGrow?<\/h2>\n<p>ResiliGrow es un bioactivador de suelo y producto de transformaci\u00f3n del suelo de alto rendimiento. Producido por InsectBiotech, se deriva de la bioconversi\u00f3n de insectos cuidadosamente controlada de subproductos agr\u00edcolas, creando un insumo concentrado y rico en biolog\u00eda para su suelo.<\/p>\n\n                                  <div class=\"buttons\">\n\n                    \n                        <a class=\"resili_button\" href=\"https:\/\/resiligrow.com\/es\/who-we-are\/\" target=\"\">\n                          <span class=\"label\">Leer m\u00e1s<\/span>\n                          <span class=\"icon\"><i class=\"fa-light fa-arrow-right\"><\/i><\/span>\n                        <\/a>\n\n                    \n                  <\/div>\n                \n            <\/div>\n\n          <\/div>\n              <\/div>\n\n              <div class=\"col-lg-7 col-xxl-6\">\n          <div class=\"boxes_col entry_bottom\">\n\n            \n              <div class=\"benefit_box_wrapper\">\n                <div class=\"benefit_box\">\n                  <div class=\"box_content\">\n\n                    <div class=\"box_text_wrapper\">\n                      <div class=\"box_text\">\n                                                  <h3>Salud del suelo<\/h3>\n                        \n                                                  <div class=\"box_para\">\n                            <p>Mejora la estructura del suelo al tiempo que aumenta la materia org\u00e1nica y el carbono estable, mejorando la retenci\u00f3n de agua y el desarrollo de las ra\u00edces.<\/p>\n                          <\/div>\n                                              <\/div>\n                    <\/div>\n\n                                          <div class=\"box_image\">\n                        <img loading=\"lazy\" decoding=\"async\" width=\"1000\" height=\"666\" src=\"https:\/\/resiligrow.com\/wp-content\/uploads\/2026\/02\/Picture1-1000x666.jpg\" class=\"attachment-image-box size-image-box\" alt=\"\" srcset=\"https:\/\/resiligrow.com\/wp-content\/uploads\/2026\/02\/Picture1-1000x666.jpg 1000w, https:\/\/resiligrow.com\/wp-content\/uploads\/2026\/02\/Picture1-300x200.jpg 300w, https:\/\/resiligrow.com\/wp-content\/uploads\/2026\/02\/Picture1-1024x682.jpg 1024w, https:\/\/resiligrow.com\/wp-content\/uploads\/2026\/02\/Picture1-768x512.jpg 768w, https:\/\/resiligrow.com\/wp-content\/uploads\/2026\/02\/Picture1-18x12.jpg 18w, https:\/\/resiligrow.com\/wp-content\/uploads\/2026\/02\/Picture1.jpg 1265w\" sizes=\"auto, (max-width: 1000px) 100vw, 1000px\" \/>                      <\/div>\n                    \n                  <\/div>\n                <\/div>\n              <\/div>\n\n            \n              <div class=\"benefit_box_wrapper\">\n                <div class=\"benefit_box\">\n                  <div class=\"box_content\">\n\n                    <div class=\"box_text_wrapper\">\n                      <div class=\"box_text\">\n                                                  <h3>Nutrici\u00f3n equilibrada<\/h3>\n                        \n                                                  <div class=\"box_para\">\n                            <p>Proporciona macro y micronutrientes con disponibilidad gradual, apoyando la nutrici\u00f3n eficiente de las plantas sin picos o p\u00e9rdidas pronunciadas.<\/p>\n                          <\/div>\n                                              <\/div>\n                    <\/div>\n\n                                          <div class=\"box_image\">\n                        <img loading=\"lazy\" decoding=\"async\" width=\"1000\" height=\"666\" src=\"https:\/\/resiligrow.com\/wp-content\/uploads\/2026\/02\/Picture2-1000x666.jpg\" class=\"attachment-image-box size-image-box\" alt=\"\" srcset=\"https:\/\/resiligrow.com\/wp-content\/uploads\/2026\/02\/Picture2-1000x666.jpg 1000w, https:\/\/resiligrow.com\/wp-content\/uploads\/2026\/02\/Picture2-300x200.jpg 300w, https:\/\/resiligrow.com\/wp-content\/uploads\/2026\/02\/Picture2-1024x682.jpg 1024w, https:\/\/resiligrow.com\/wp-content\/uploads\/2026\/02\/Picture2-768x512.jpg 768w, https:\/\/resiligrow.com\/wp-content\/uploads\/2026\/02\/Picture2-1536x1024.jpg 1536w, https:\/\/resiligrow.com\/wp-content\/uploads\/2026\/02\/Picture2-18x12.jpg 18w, https:\/\/resiligrow.com\/wp-content\/uploads\/2026\/02\/Picture2-1600x1066.jpg 1600w, https:\/\/resiligrow.com\/wp-content\/uploads\/2026\/02\/Picture2.jpg 1913w\" sizes=\"auto, (max-width: 1000px) 100vw, 1000px\" \/>                      <\/div>\n                    \n                  <\/div>\n                <\/div>\n              <\/div>\n\n            \n              <div class=\"benefit_box_wrapper\">\n                <div class=\"benefit_box\">\n                  <div class=\"box_content\">\n\n                    <div class=\"box_text_wrapper\">\n                      <div class=\"box_text\">\n                                                  <h3>Biolog\u00eda activa del suelo<\/h3>\n                        \n                                                  <div class=\"box_para\">\n                            <p>Promueve la actividad microbiana beneficiosa en la rizosfera, mejorando el ciclo de nutrientes y el rendimiento biol\u00f3gico general del suelo.<\/p>\n                          <\/div>\n                                              <\/div>\n                    <\/div>\n\n                                          <div class=\"box_image\">\n                        <img loading=\"lazy\" decoding=\"async\" width=\"1000\" height=\"666\" src=\"https:\/\/resiligrow.com\/wp-content\/uploads\/2026\/02\/Picture3-1000x666.jpg\" class=\"attachment-image-box size-image-box\" alt=\"\" srcset=\"https:\/\/resiligrow.com\/wp-content\/uploads\/2026\/02\/Picture3-1000x666.jpg 1000w, https:\/\/resiligrow.com\/wp-content\/uploads\/2026\/02\/Picture3-300x200.jpg 300w, https:\/\/resiligrow.com\/wp-content\/uploads\/2026\/02\/Picture3-1024x682.jpg 1024w, https:\/\/resiligrow.com\/wp-content\/uploads\/2026\/02\/Picture3-768x512.jpg 768w, https:\/\/resiligrow.com\/wp-content\/uploads\/2026\/02\/Picture3-1536x1024.jpg 1536w, https:\/\/resiligrow.com\/wp-content\/uploads\/2026\/02\/Picture3-18x12.jpg 18w, https:\/\/resiligrow.com\/wp-content\/uploads\/2026\/02\/Picture3-1600x1066.jpg 1600w, https:\/\/resiligrow.com\/wp-content\/uploads\/2026\/02\/Picture3.jpg 1913w\" sizes=\"auto, (max-width: 1000px) 100vw, 1000px\" \/>                      <\/div>\n                    \n                  <\/div>\n                <\/div>\n              <\/div>\n\n            \n              <div class=\"benefit_box_wrapper\">\n                <div class=\"benefit_box\">\n                  <div class=\"box_content\">\n\n                    <div class=\"box_text_wrapper\">\n                      <div class=\"box_text\">\n                                                  <h3>Activaci\u00f3n de la defensa natural<\/h3>\n                        \n                                                  <div class=\"box_para\">\n                            <p>La quitina activa los mecanismos de defensa naturales de la planta, mejorando la resistencia contra pat\u00f3genos y plagas del suelo, y proporciona un efecto bioestimulante que mejora la tolerancia al estr\u00e9s y el rendimiento de los cultivos.<\/p>\n                          <\/div>\n                                              <\/div>\n                    <\/div>\n\n                                          <div class=\"box_image\">\n                        <img loading=\"lazy\" decoding=\"async\" width=\"1000\" height=\"665\" src=\"https:\/\/resiligrow.com\/wp-content\/uploads\/2026\/02\/Picture4-1000x665.jpg\" class=\"attachment-image-box size-image-box\" alt=\"\" srcset=\"https:\/\/resiligrow.com\/wp-content\/uploads\/2026\/02\/Picture4-1000x665.jpg 1000w, https:\/\/resiligrow.com\/wp-content\/uploads\/2026\/02\/Picture4-300x200.jpg 300w, https:\/\/resiligrow.com\/wp-content\/uploads\/2026\/02\/Picture4-1024x681.jpg 1024w, https:\/\/resiligrow.com\/wp-content\/uploads\/2026\/02\/Picture4-768x511.jpg 768w, https:\/\/resiligrow.com\/wp-content\/uploads\/2026\/02\/Picture4-1536x1022.jpg 1536w, https:\/\/resiligrow.com\/wp-content\/uploads\/2026\/02\/Picture4-18x12.jpg 18w, https:\/\/resiligrow.com\/wp-content\/uploads\/2026\/02\/Picture4-1600x1064.jpg 1600w, https:\/\/resiligrow.com\/wp-content\/uploads\/2026\/02\/Picture4.jpg 1912w\" sizes=\"auto, (max-width: 1000px) 100vw, 1000px\" \/>                      <\/div>\n                    \n                  <\/div>\n                <\/div>\n              <\/div>\n\n                        \n          <\/div>\n        <\/div>\n      \n    <\/div>\n  <\/div>\n  \n<\/section>\n\n\n\n\n\n\n\n\n\n\n\n\n\n\n  \n\n\n\n\n\n<section class=\"home_posts_block custom_block alignfull spacing_none\">\n\n  <div class=\"content\">\n\n    <div class=\"container\">\n\n      <div class=\"row\">\n        <div class=\"col-12\">\n          \n                      <h2>\u00daltimos conocimientos<\/h2>\n                  <\/div>\n      <\/div>\n\n      <div class=\"row home_posts entry_bottom\">\n\n        \n        \n          \n            <div class=\"col-md-6 col-lg-4 post_item_col\">\n\n              \n\n<a class=\"post_list_item watch_listen_item\" href=\"https:\/\/resiligrow.com\/es\/how-we-know-resiligrow-works-the-science-and-the-soil\/\">\n\n\t\n\t\t<span class=\"post_thumbnail\">\n\t\t\t<img loading=\"lazy\" decoding=\"async\" width=\"640\" height=\"360\" src=\"https:\/\/resiligrow.com\/wp-content\/uploads\/2026\/02\/DOS22_InsectBiotech-4-1-768x432.jpg\" class=\"thumbnail_img wp-post-image\" alt=\"\" srcset=\"https:\/\/resiligrow.com\/wp-content\/uploads\/2026\/02\/DOS22_InsectBiotech-4-1-768x432.jpg 768w, https:\/\/resiligrow.com\/wp-content\/uploads\/2026\/02\/DOS22_InsectBiotech-4-1-300x169.jpg 300w, https:\/\/resiligrow.com\/wp-content\/uploads\/2026\/02\/DOS22_InsectBiotech-4-1-1024x576.jpg 1024w, https:\/\/resiligrow.com\/wp-content\/uploads\/2026\/02\/DOS22_InsectBiotech-4-1-1536x864.jpg 1536w, https:\/\/resiligrow.com\/wp-content\/uploads\/2026\/02\/DOS22_InsectBiotech-4-1-2048x1152.jpg 2048w, https:\/\/resiligrow.com\/wp-content\/uploads\/2026\/02\/DOS22_InsectBiotech-4-1-18x10.jpg 18w, https:\/\/resiligrow.com\/wp-content\/uploads\/2026\/02\/DOS22_InsectBiotech-4-1-1600x900.jpg 1600w, https:\/\/resiligrow.com\/wp-content\/uploads\/2026\/02\/DOS22_InsectBiotech-4-1-1000x562.jpg 1000w\" sizes=\"auto, (max-width: 640px) 100vw, 640px\" \/>\t\t<\/span>\n\n\t\n\t<span class=\"post_info\">\n\n\t\t\t\t\t<span class=\"category_bubble\" style=\"background-color: \">\n\t\t\t\t<span class=\"text\">Blog<\/span>\n\t\t\t<\/span>\n\t\t\n\t\t<span class=\"post_date_author\">\n\t\t\t<span class=\"post_date\">26 de febrero de 2026<\/span>\n\t\t<\/span>\n\t\t\n\t\t<h3 class=\"post_name\">C\u00f3mo sabemos que ResiliGrow funciona: la ciencia y la tierra<\/h3>\n\n\t<\/span>\n\t\n<\/a>\n\t\n            <\/div>\n\n          \n            <div class=\"col-md-6 col-lg-4 post_item_col\">\n\n              \n\n<a class=\"post_list_item watch_listen_item\" href=\"https:\/\/resiligrow.com\/es\/healthy-soil-healthy-plants-why-we-believe-in-living-land\/\">\n\n\t\n\t\t<span class=\"post_thumbnail\">\n\t\t\t<img loading=\"lazy\" decoding=\"async\" width=\"640\" height=\"856\" src=\"https:\/\/resiligrow.com\/wp-content\/uploads\/2026\/02\/IMG_0461-768x1027.jpeg\" class=\"thumbnail_img wp-post-image\" alt=\"\" srcset=\"https:\/\/resiligrow.com\/wp-content\/uploads\/2026\/02\/IMG_0461-768x1027.jpeg 768w, https:\/\/resiligrow.com\/wp-content\/uploads\/2026\/02\/IMG_0461-224x300.jpeg 224w, https:\/\/resiligrow.com\/wp-content\/uploads\/2026\/02\/IMG_0461-766x1024.jpeg 766w, https:\/\/resiligrow.com\/wp-content\/uploads\/2026\/02\/IMG_0461-1149x1536.jpeg 1149w, https:\/\/resiligrow.com\/wp-content\/uploads\/2026\/02\/IMG_0461-1532x2048.jpeg 1532w, https:\/\/resiligrow.com\/wp-content\/uploads\/2026\/02\/IMG_0461-9x12.jpeg 9w, https:\/\/resiligrow.com\/wp-content\/uploads\/2026\/02\/IMG_0461-1600x2139.jpeg 1600w, https:\/\/resiligrow.com\/wp-content\/uploads\/2026\/02\/IMG_0461-1000x1337.jpeg 1000w, https:\/\/resiligrow.com\/wp-content\/uploads\/2026\/02\/IMG_0461.jpeg 1915w\" sizes=\"auto, (max-width: 640px) 100vw, 640px\" \/>\t\t<\/span>\n\n\t\n\t<span class=\"post_info\">\n\n\t\t\t\t\t<span class=\"category_bubble\" style=\"background-color: \">\n\t\t\t\t<span class=\"text\">Blog<\/span>\n\t\t\t<\/span>\n\t\t\n\t\t<span class=\"post_date_author\">\n\t\t\t<span class=\"post_date\">18 de enero de 2026<\/span>\n\t\t<\/span>\n\t\t\n\t\t<h3 class=\"post_name\">Suelo sano, plantas sanas: por qu\u00e9 creemos en la tierra viva<\/h3>\n\n\t<\/span>\n\t\n<\/a>\n\t\n            <\/div>\n\n          \n            <div class=\"col-md-6 col-lg-4 post_item_col\">\n\n              \n\n<a class=\"post_list_item watch_listen_item\" href=\"https:\/\/resiligrow.com\/es\/closing-the-loop-how-resiligrow-fits-into-circular-farming\/\">\n\n\t\n\t\t<span class=\"post_thumbnail\">\n\t\t\t<img loading=\"lazy\" decoding=\"async\" width=\"640\" height=\"480\" src=\"https:\/\/resiligrow.com\/wp-content\/uploads\/2026\/02\/BSFL-and-Frass-768x576.jpg\" class=\"thumbnail_img wp-post-image\" alt=\"\" srcset=\"https:\/\/resiligrow.com\/wp-content\/uploads\/2026\/02\/BSFL-and-Frass-768x576.jpg 768w, https:\/\/resiligrow.com\/wp-content\/uploads\/2026\/02\/BSFL-and-Frass-300x225.jpg 300w, https:\/\/resiligrow.com\/wp-content\/uploads\/2026\/02\/BSFL-and-Frass-1024x768.jpg 1024w, https:\/\/resiligrow.com\/wp-content\/uploads\/2026\/02\/BSFL-and-Frass-1536x1152.jpg 1536w, https:\/\/resiligrow.com\/wp-content\/uploads\/2026\/02\/BSFL-and-Frass-16x12.jpg 16w, https:\/\/resiligrow.com\/wp-content\/uploads\/2026\/02\/BSFL-and-Frass-1600x1200.jpg 1600w, https:\/\/resiligrow.com\/wp-content\/uploads\/2026\/02\/BSFL-and-Frass-1000x750.jpg 1000w, https:\/\/resiligrow.com\/wp-content\/uploads\/2026\/02\/BSFL-and-Frass.jpg 2048w\" sizes=\"auto, (max-width: 640px) 100vw, 640px\" \/>\t\t<\/span>\n\n\t\n\t<span class=\"post_info\">\n\n\t\t\t\t\t<span class=\"category_bubble\" style=\"background-color: \">\n\t\t\t\t<span class=\"text\">Blog<\/span>\n\t\t\t<\/span>\n\t\t\n\t\t<span class=\"post_date_author\">\n\t\t\t<span class=\"post_date\">15 de diciembre de 2025<\/span>\n\t\t<\/span>\n\t\t\n\t\t<h3 class=\"post_name\">Cerrando el c\u00edrculo: C\u00f3mo ResiliGrow encaja en la agricultura circular<\/h3>\n\n\t<\/span>\n\t\n<\/a>\n\t\n            <\/div>\n\n          \n            <div class=\"col-md-6 col-lg-4 post_item_col\">\n\n              \n\n<a class=\"post_list_item watch_listen_item\" href=\"https:\/\/resiligrow.com\/es\/how-we-got-here-and-why-we-created-resiligrow\/\">\n\n\t\n\t\t<span class=\"post_thumbnail\">\n\t\t\t<img loading=\"lazy\" decoding=\"async\" width=\"640\" height=\"360\" src=\"https:\/\/resiligrow.com\/wp-content\/uploads\/2026\/02\/DOS22_InsectBiotech-9-768x432.jpg\" class=\"thumbnail_img wp-post-image\" alt=\"\" srcset=\"https:\/\/resiligrow.com\/wp-content\/uploads\/2026\/02\/DOS22_InsectBiotech-9-768x432.jpg 768w, https:\/\/resiligrow.com\/wp-content\/uploads\/2026\/02\/DOS22_InsectBiotech-9-300x169.jpg 300w, https:\/\/resiligrow.com\/wp-content\/uploads\/2026\/02\/DOS22_InsectBiotech-9-1024x576.jpg 1024w, https:\/\/resiligrow.com\/wp-content\/uploads\/2026\/02\/DOS22_InsectBiotech-9-1536x864.jpg 1536w, https:\/\/resiligrow.com\/wp-content\/uploads\/2026\/02\/DOS22_InsectBiotech-9-2048x1152.jpg 2048w, https:\/\/resiligrow.com\/wp-content\/uploads\/2026\/02\/DOS22_InsectBiotech-9-18x10.jpg 18w, https:\/\/resiligrow.com\/wp-content\/uploads\/2026\/02\/DOS22_InsectBiotech-9-1600x900.jpg 1600w, https:\/\/resiligrow.com\/wp-content\/uploads\/2026\/02\/DOS22_InsectBiotech-9-1000x562.jpg 1000w\" sizes=\"auto, (max-width: 640px) 100vw, 640px\" \/>\t\t<\/span>\n\n\t\n\t<span class=\"post_info\">\n\n\t\t\t\t\t<span class=\"category_bubble\" style=\"background-color: \">\n\t\t\t\t<span class=\"text\">Blog<\/span>\n\t\t\t<\/span>\n\t\t\n\t\t<span class=\"post_date_author\">\n\t\t\t<span class=\"post_date\">8 de nov. de 2025<\/span>\n\t\t<\/span>\n\t\t\n\t\t<h3 class=\"post_name\">C\u00f3mo llegamos aqu\u00ed y por qu\u00e9 creamos ResiliGrow<\/h3>\n\n\t<\/span>\n\t\n<\/a>\n\t\n            <\/div>\n\n          \n        \n      <\/div>\n\n      <div class=\"row\">\n        <div class=\"col-12\">\n                      <a class=\"resili_button\" href=\"https:\/\/resiligrow.com\/es\/insights\/\" target=\"\">\n              <span class=\"label\">Ver todas las perspectivas<\/span>\n              <span class=\"icon\"><i class=\"fa-light fa-arrow-right\"><\/i><\/span>\n            <\/a>\n                  <\/div>\n      <\/div>\n      \n    <\/div>\n  <\/div>\n          \n<\/section>","protected":false},"excerpt":{"rendered":"","protected":false},"author":1,"featured_media":0,"parent":0,"menu_order":0,"comment_status":"closed","ping_status":"closed","template":"","meta":{"_acf_changed":false,"inline_featured_image":false,"footnotes":""},"class_list":["post-31","page","type-page","status-publish","hentry"],"acf":[],"yoast_head":"<!-- This site is optimized with the Yoast SEO plugin v27.2 - https:\/\/yoast.com\/product\/yoast-seo-wordpress\/ -->\n<title>Homepage - Resiligrow<\/title>\n<meta name=\"robots\" content=\"index, follow, max-snippet:-1, max-image-preview:large, max-video-preview:-1\" \/>\n<link rel=\"canonical\" href=\"https:\/\/resiligrow.com\/es\/\" \/>\n<meta property=\"og:locale\" content=\"es_ES\" \/>\n<meta property=\"og:type\" content=\"article\" \/>\n<meta property=\"og:title\" content=\"Homepage - Resiligrow\" \/>\n<meta property=\"og:url\" content=\"https:\/\/resiligrow.com\/es\/\" \/>\n<meta property=\"og:site_name\" content=\"Resiligrow\" \/>\n<meta property=\"article:modified_time\" content=\"2026-03-02T11:18:12+00:00\" \/>\n<meta property=\"og:image\" content=\"https:\/\/resiligrow.com\/wp-content\/uploads\/2026\/03\/resiligrow_hero2.jpg\" \/>\n\t<meta property=\"og:image:width\" content=\"967\" \/>\n\t<meta property=\"og:image:height\" content=\"967\" \/>\n\t<meta property=\"og:image:type\" content=\"image\/jpeg\" \/>\n<meta name=\"twitter:card\" content=\"summary_large_image\" \/>\n<script type=\"application\/ld+json\" class=\"yoast-schema-graph\">{\"@context\":\"https:\/\/schema.org\",\"@graph\":[{\"@type\":\"WebPage\",\"@id\":\"https:\/\/resiligrow.com\/\",\"url\":\"https:\/\/resiligrow.com\/\",\"name\":\"Homepage - Resiligrow\",\"isPartOf\":{\"@id\":\"https:\/\/resiligrow.com\/#website\"},\"datePublished\":\"2026-02-11T17:35:07+00:00\",\"dateModified\":\"2026-03-02T11:18:12+00:00\",\"breadcrumb\":{\"@id\":\"https:\/\/resiligrow.com\/#breadcrumb\"},\"inLanguage\":\"es-ES\",\"potentialAction\":[{\"@type\":\"ReadAction\",\"target\":[\"https:\/\/resiligrow.com\/\"]}]},{\"@type\":\"BreadcrumbList\",\"@id\":\"https:\/\/resiligrow.com\/#breadcrumb\",\"itemListElement\":[{\"@type\":\"ListItem\",\"position\":1,\"name\":\"Home\",\"item\":\"https:\/\/resiligrow.com\/\"},{\"@type\":\"ListItem\",\"position\":2,\"name\":\"Homepage\"}]},{\"@type\":\"WebSite\",\"@id\":\"https:\/\/resiligrow.com\/#website\",\"url\":\"https:\/\/resiligrow.com\/\",\"name\":\"Resiligrow\",\"description\":\"Stimulate your soil\",\"publisher\":{\"@id\":\"https:\/\/resiligrow.com\/#organization\"},\"potentialAction\":[{\"@type\":\"SearchAction\",\"target\":{\"@type\":\"EntryPoint\",\"urlTemplate\":\"https:\/\/resiligrow.com\/?s={search_term_string}\"},\"query-input\":{\"@type\":\"PropertyValueSpecification\",\"valueRequired\":true,\"valueName\":\"search_term_string\"}}],\"inLanguage\":\"es-ES\"},{\"@type\":\"Organization\",\"@id\":\"https:\/\/resiligrow.com\/#organization\",\"name\":\"Resiligrow\",\"url\":\"https:\/\/resiligrow.com\/\",\"logo\":{\"@type\":\"ImageObject\",\"inLanguage\":\"es-ES\",\"@id\":\"https:\/\/resiligrow.com\/#\/schema\/logo\/image\/\",\"url\":\"https:\/\/resiligrow.com\/wp-content\/uploads\/2026\/02\/resiligrow-logo.svg\",\"contentUrl\":\"https:\/\/resiligrow.com\/wp-content\/uploads\/2026\/02\/resiligrow-logo.svg\",\"width\":\"1024\",\"height\":\"1024\",\"caption\":\"Resiligrow\"},\"image\":{\"@id\":\"https:\/\/resiligrow.com\/#\/schema\/logo\/image\/\"},\"sameAs\":[\"https:\/\/www.linkedin.com\/posts\/insectbiotech_home-activity-7319998551466364928-3Psw\/\"]}]}<\/script>\n<!-- \/ Yoast SEO plugin. -->","yoast_head_json":{"title":"Homepage - Resiligrow","robots":{"index":"index","follow":"follow","max-snippet":"max-snippet:-1","max-image-preview":"max-image-preview:large","max-video-preview":"max-video-preview:-1"},"canonical":"https:\/\/resiligrow.com\/es\/","og_locale":"es_ES","og_type":"article","og_title":"Homepage - Resiligrow","og_url":"https:\/\/resiligrow.com\/es\/","og_site_name":"Resiligrow","article_modified_time":"2026-03-02T11:18:12+00:00","og_image":[{"width":967,"height":967,"url":"https:\/\/resiligrow.com\/wp-content\/uploads\/2026\/03\/resiligrow_hero2.jpg","type":"image\/jpeg"}],"twitter_card":"summary_large_image","schema":{"@context":"https:\/\/schema.org","@graph":[{"@type":"WebPage","@id":"https:\/\/resiligrow.com\/","url":"https:\/\/resiligrow.com\/","name":"Homepage - Resiligrow","isPartOf":{"@id":"https:\/\/resiligrow.com\/#website"},"datePublished":"2026-02-11T17:35:07+00:00","dateModified":"2026-03-02T11:18:12+00:00","breadcrumb":{"@id":"https:\/\/resiligrow.com\/#breadcrumb"},"inLanguage":"es-ES","potentialAction":[{"@type":"ReadAction","target":["https:\/\/resiligrow.com\/"]}]},{"@type":"BreadcrumbList","@id":"https:\/\/resiligrow.com\/#breadcrumb","itemListElement":[{"@type":"ListItem","position":1,"name":"Home","item":"https:\/\/resiligrow.com\/"},{"@type":"ListItem","position":2,"name":"Homepage"}]},{"@type":"WebSite","@id":"https:\/\/resiligrow.com\/#website","url":"https:\/\/resiligrow.com\/","name":"Resiligrow","description":"Estimula tu suelo","publisher":{"@id":"https:\/\/resiligrow.com\/#organization"},"potentialAction":[{"@type":"SearchAction","target":{"@type":"EntryPoint","urlTemplate":"https:\/\/resiligrow.com\/?s={search_term_string}"},"query-input":{"@type":"PropertyValueSpecification","valueRequired":true,"valueName":"search_term_string"}}],"inLanguage":"es-ES"},{"@type":"Organization","@id":"https:\/\/resiligrow.com\/#organization","name":"Resiligrow","url":"https:\/\/resiligrow.com\/","logo":{"@type":"ImageObject","inLanguage":"es-ES","@id":"https:\/\/resiligrow.com\/#\/schema\/logo\/image\/","url":"https:\/\/resiligrow.com\/wp-content\/uploads\/2026\/02\/resiligrow-logo.svg","contentUrl":"https:\/\/resiligrow.com\/wp-content\/uploads\/2026\/02\/resiligrow-logo.svg","width":"1024","height":"1024","caption":"Resiligrow"},"image":{"@id":"https:\/\/resiligrow.com\/#\/schema\/logo\/image\/"},"sameAs":["https:\/\/www.linkedin.com\/posts\/insectbiotech_home-activity-7319998551466364928-3Psw\/"]}]}},"_links":{"self":[{"href":"https:\/\/resiligrow.com\/es\/wp-json\/wp\/v2\/pages\/31","targetHints":{"allow":["GET"]}}],"collection":[{"href":"https:\/\/resiligrow.com\/es\/wp-json\/wp\/v2\/pages"}],"about":[{"href":"https:\/\/resiligrow.com\/es\/wp-json\/wp\/v2\/types\/page"}],"author":[{"embeddable":true,"href":"https:\/\/resiligrow.com\/es\/wp-json\/wp\/v2\/users\/1"}],"replies":[{"embeddable":true,"href":"https:\/\/resiligrow.com\/es\/wp-json\/wp\/v2\/comments?post=31"}],"version-history":[{"count":17,"href":"https:\/\/resiligrow.com\/es\/wp-json\/wp\/v2\/pages\/31\/revisions"}],"predecessor-version":[{"id":367,"href":"https:\/\/resiligrow.com\/es\/wp-json\/wp\/v2\/pages\/31\/revisions\/367"}],"wp:attachment":[{"href":"https:\/\/resiligrow.com\/es\/wp-json\/wp\/v2\/media?parent=31"}],"curies":[{"name":"wp","href":"https:\/\/api.w.org\/{rel}","templated":true}]}}